{"id":7554,"date":"2023-10-19T14:12:18","date_gmt":"2023-10-19T17:12:18","guid":{"rendered":"https:\/\/westerncounties.ca\/?page_id=7554"},"modified":"2023-10-19T14:12:19","modified_gmt":"2023-10-19T17:12:19","slug":"policy-partnership","status":"publish","type":"page","link":"https:\/\/westerncounties.ca\/fr\/policy-partnership\/","title":{"rendered":"Partenariats"},"content":{"rendered":"<p>La Western Counties Regional Library accueille favorablement les occasions de travailler avec des groupes communautaires, des agences ou des personnes pour d\u00e9velopper et am\u00e9liorer les services offerts au public.<\/p>\n\n\n\n<p>Aux fins de la pr\u00e9sente politique, un partenariat est d\u00e9fini comme une collaboration mutuellement b\u00e9n\u00e9fique o\u00f9 les contributions du partenaire am\u00e9liorent les programmes et les services offerts au public. De tels partenariats doivent bien cadrer avec l\u2019orientation strat\u00e9gique de la biblioth\u00e8que et appuyer les initiatives qui am\u00e9liorent la richesse et le bien-\u00eatre \u00e9conomique, social et culturel de la communaut\u00e9.<\/p>\n\n\n\n<p>La Western Counties Regional Library envisagera d\u2019\u00e9tablir un partenariat qui :<\/p>\n\n\n\n<ul class=\"wp-block-list\">\n<li>cadre avec nos valeurs ;<\/li>\n\n\n\n<li>cadre avec notre mission, notre vision, notre orientation strat\u00e9gique et nos priorit\u00e9s ;<\/li>\n\n\n\n<li>est fond\u00e9 sur des buts et des objectifs communs ;<\/li>\n\n\n\n<li>est d\u00e9velopp\u00e9 dans l\u2019int\u00e9r\u00eat sup\u00e9rieur de la biblioth\u00e8que ;<\/li>\n\n\n\n<li>ne compromet pas l\u2019\u00e9galit\u00e9 d\u2019acc\u00e8s aux services de la biblioth\u00e8que.<\/li>\n<\/ul>\n\n\n\n<p>Les attentes par rapport \u00e0 la participation de chaque entit\u00e9 \u00e0 un projet, un programme ou un service commun doivent \u00eatre clairement d\u00e9finies avant que la biblioth\u00e8que ne confirme un accord de partenariat.<\/p>\n\n\n\n<p>Toute personne ou tout organisme qui vise \u00e0 mettre en place un accord pour offrir des services directs au public doit fournir \u00e0 la biblioth\u00e8que les v\u00e9rifications n\u00e9cessaires du casier judiciaire et du registre de cas d'enfants maltrait\u00e9s.<\/p>\n\n\n\n<p>Les petits partenariats locaux qui fournissent des programmes et des services \u00e0 court terme peuvent \u00eatre informels ; toutefois, les partenariats \u00e0 long terme pourraient n\u00e9cessiter des protocoles d\u2019entente (PE) ou des accords formels.<\/p>","protected":false},"excerpt":{"rendered":"<p>Western Counties Regional Library welcomes opportunities to work with community groups, agencies or individuals to extend and enhance services to the public. For the purpose of this policy, a partnership is defined as a mutually beneficial collaboration where partner contributions provide enhanced programs and services to the public. Such partnerships must clearly align with the [&hellip;]<\/p>\n","protected":false},"author":3,"featured_media":0,"parent":0,"menu_order":0,"comment_status":"closed","ping_status":"closed","template":"","meta":{"_acf_changed":false,"_et_pb_use_builder":"off","_et_pb_old_content":"","_et_gb_content_width":"","inline_featured_image":false,"footnotes":""},"class_list":["post-7554","page","type-page","status-publish","hentry"],"acf":[],"yoast_head":"<!-- This site is optimized with the Yoast SEO plugin v27.4 - https:\/\/yoast.com\/product\/yoast-seo-wordpress\/ -->\n<title>Partnership - Western Counties Regional Library<\/title>\n<meta name=\"robots\" content=\"index, follow, max-snippet:-1, max-image-preview:large, max-video-preview:-1\" \/>\n<link rel=\"canonical\" href=\"https:\/\/westerncounties.ca\/fr\/policy-partnership\/\" \/>\n<meta property=\"og:locale\" content=\"fr_CA\" \/>\n<meta property=\"og:type\" content=\"article\" \/>\n<meta property=\"og:title\" content=\"Partnership - Western Counties Regional Library\" \/>\n<meta property=\"og:description\" content=\"Western Counties Regional Library welcomes opportunities to work with community groups, agencies or individuals to extend and enhance services to the public. For the purpose of this policy, a partnership is defined as a mutually beneficial collaboration where partner contributions provide enhanced programs and services to the public. Such partnerships must clearly align with the [&hellip;]\" \/>\n<meta property=\"og:url\" content=\"https:\/\/westerncounties.ca\/fr\/policy-partnership\/\" \/>\n<meta property=\"og:site_name\" content=\"Western Counties Regional Library\" \/>\n<meta property=\"article:publisher\" content=\"https:\/\/www.facebook.com\/westerncounties\/\" \/>\n<meta property=\"article:modified_time\" content=\"2023-10-19T17:12:19+00:00\" \/>\n<meta name=\"twitter:card\" content=\"summary_large_image\" \/>\n<meta name=\"twitter:site\" content=\"@wcrlibrary\" \/>\n<script type=\"application\/ld+json\" class=\"yoast-schema-graph\">{\"@context\":\"https:\\\/\\\/schema.org\",\"@graph\":[{\"@type\":\"WebPage\",\"@id\":\"https:\\\/\\\/westerncounties.ca\\\/policy-partnership\\\/\",\"url\":\"https:\\\/\\\/westerncounties.ca\\\/policy-partnership\\\/\",\"name\":\"Partnership - Western Counties Regional Library\",\"isPartOf\":{\"@id\":\"https:\\\/\\\/westerncounties.ca\\\/#website\"},\"datePublished\":\"2023-10-19T17:12:18+00:00\",\"dateModified\":\"2023-10-19T17:12:19+00:00\",\"breadcrumb\":{\"@id\":\"https:\\\/\\\/westerncounties.ca\\\/policy-partnership\\\/#breadcrumb\"},\"inLanguage\":\"fr-CA\",\"potentialAction\":[{\"@type\":\"ReadAction\",\"target\":[\"https:\\\/\\\/westerncounties.ca\\\/policy-partnership\\\/\"]}]},{\"@type\":\"BreadcrumbList\",\"@id\":\"https:\\\/\\\/westerncounties.ca\\\/policy-partnership\\\/#breadcrumb\",\"itemListElement\":[{\"@type\":\"ListItem\",\"position\":1,\"name\":\"Home\",\"item\":\"https:\\\/\\\/westerncounties.ca\\\/\"},{\"@type\":\"ListItem\",\"position\":2,\"name\":\"Partnership\"}]},{\"@type\":\"WebSite\",\"@id\":\"https:\\\/\\\/westerncounties.ca\\\/#website\",\"url\":\"https:\\\/\\\/westerncounties.ca\\\/\",\"name\":\"Western Counties Regional Library\",\"description\":\"\",\"publisher\":{\"@id\":\"https:\\\/\\\/westerncounties.ca\\\/#organization\"},\"potentialAction\":[{\"@type\":\"SearchAction\",\"target\":{\"@type\":\"EntryPoint\",\"urlTemplate\":\"https:\\\/\\\/westerncounties.ca\\\/?s={search_term_string}\"},\"query-input\":{\"@type\":\"PropertyValueSpecification\",\"valueRequired\":true,\"valueName\":\"search_term_string\"}}],\"inLanguage\":\"fr-CA\"},{\"@type\":\"Organization\",\"@id\":\"https:\\\/\\\/westerncounties.ca\\\/#organization\",\"name\":\"Western Counties Regional Library\",\"url\":\"https:\\\/\\\/westerncounties.ca\\\/\",\"logo\":{\"@type\":\"ImageObject\",\"inLanguage\":\"fr-CA\",\"@id\":\"https:\\\/\\\/westerncounties.ca\\\/#\\\/schema\\\/logo\\\/image\\\/\",\"url\":\"https:\\\/\\\/westerncounties.ca\\\/wp-content\\\/uploads\\\/2022\\\/01\\\/WCRL_2021Logo_Stacked_Colour.jpg\",\"contentUrl\":\"https:\\\/\\\/westerncounties.ca\\\/wp-content\\\/uploads\\\/2022\\\/01\\\/WCRL_2021Logo_Stacked_Colour.jpg\",\"width\":1271,\"height\":1046,\"caption\":\"Western Counties Regional Library\"},\"image\":{\"@id\":\"https:\\\/\\\/westerncounties.ca\\\/#\\\/schema\\\/logo\\\/image\\\/\"},\"sameAs\":[\"https:\\\/\\\/www.facebook.com\\\/westerncounties\\\/\",\"https:\\\/\\\/x.com\\\/wcrlibrary\",\"https:\\\/\\\/www.pinterest.com\\\/WCRL\\\/\",\"https:\\\/\\\/www.youtube.com\\\/irwhite62\"]}]}<\/script>\n<!-- \/ Yoast SEO plugin. -->","yoast_head_json":{"title":"Partnership - Western Counties Regional Library","robots":{"index":"index","follow":"follow","max-snippet":"max-snippet:-1","max-image-preview":"max-image-preview:large","max-video-preview":"max-video-preview:-1"},"canonical":"https:\/\/westerncounties.ca\/fr\/policy-partnership\/","og_locale":"fr_CA","og_type":"article","og_title":"Partnership - Western Counties Regional Library","og_description":"Western Counties Regional Library welcomes opportunities to work with community groups, agencies or individuals to extend and enhance services to the public. For the purpose of this policy, a partnership is defined as a mutually beneficial collaboration where partner contributions provide enhanced programs and services to the public. Such partnerships must clearly align with the [&hellip;]","og_url":"https:\/\/westerncounties.ca\/fr\/policy-partnership\/","og_site_name":"Western Counties Regional Library","article_publisher":"https:\/\/www.facebook.com\/westerncounties\/","article_modified_time":"2023-10-19T17:12:19+00:00","twitter_card":"summary_large_image","twitter_site":"@wcrlibrary","schema":{"@context":"https:\/\/schema.org","@graph":[{"@type":"WebPage","@id":"https:\/\/westerncounties.ca\/policy-partnership\/","url":"https:\/\/westerncounties.ca\/policy-partnership\/","name":"Partnership - Western Counties Regional Library","isPartOf":{"@id":"https:\/\/westerncounties.ca\/#website"},"datePublished":"2023-10-19T17:12:18+00:00","dateModified":"2023-10-19T17:12:19+00:00","breadcrumb":{"@id":"https:\/\/westerncounties.ca\/policy-partnership\/#breadcrumb"},"inLanguage":"fr-CA","potentialAction":[{"@type":"ReadAction","target":["https:\/\/westerncounties.ca\/policy-partnership\/"]}]},{"@type":"BreadcrumbList","@id":"https:\/\/westerncounties.ca\/policy-partnership\/#breadcrumb","itemListElement":[{"@type":"ListItem","position":1,"name":"Home","item":"https:\/\/westerncounties.ca\/"},{"@type":"ListItem","position":2,"name":"Partnership"}]},{"@type":"WebSite","@id":"https:\/\/westerncounties.ca\/#website","url":"https:\/\/westerncounties.ca\/","name":"Western Counties Regional Library","description":"","publisher":{"@id":"https:\/\/westerncounties.ca\/#organization"},"potentialAction":[{"@type":"SearchAction","target":{"@type":"EntryPoint","urlTemplate":"https:\/\/westerncounties.ca\/?s={search_term_string}"},"query-input":{"@type":"PropertyValueSpecification","valueRequired":true,"valueName":"search_term_string"}}],"inLanguage":"fr-CA"},{"@type":"Organization","@id":"https:\/\/westerncounties.ca\/#organization","name":"Western Counties Regional Library","url":"https:\/\/westerncounties.ca\/","logo":{"@type":"ImageObject","inLanguage":"fr-CA","@id":"https:\/\/westerncounties.ca\/#\/schema\/logo\/image\/","url":"https:\/\/westerncounties.ca\/wp-content\/uploads\/2022\/01\/WCRL_2021Logo_Stacked_Colour.jpg","contentUrl":"https:\/\/westerncounties.ca\/wp-content\/uploads\/2022\/01\/WCRL_2021Logo_Stacked_Colour.jpg","width":1271,"height":1046,"caption":"Western Counties Regional Library"},"image":{"@id":"https:\/\/westerncounties.ca\/#\/schema\/logo\/image\/"},"sameAs":["https:\/\/www.facebook.com\/westerncounties\/","https:\/\/x.com\/wcrlibrary","https:\/\/www.pinterest.com\/WCRL\/","https:\/\/www.youtube.com\/irwhite62"]}]}},"publishpress_future_workflow_manual_trigger":{"enabledWorkflows":[]},"_links":{"self":[{"href":"https:\/\/westerncounties.ca\/fr\/wp-json\/wp\/v2\/pages\/7554","targetHints":{"allow":["GET"]}}],"collection":[{"href":"https:\/\/westerncounties.ca\/fr\/wp-json\/wp\/v2\/pages"}],"about":[{"href":"https:\/\/westerncounties.ca\/fr\/wp-json\/wp\/v2\/types\/page"}],"author":[{"embeddable":true,"href":"https:\/\/westerncounties.ca\/fr\/wp-json\/wp\/v2\/users\/3"}],"replies":[{"embeddable":true,"href":"https:\/\/westerncounties.ca\/fr\/wp-json\/wp\/v2\/comments?post=7554"}],"version-history":[{"count":1,"href":"https:\/\/westerncounties.ca\/fr\/wp-json\/wp\/v2\/pages\/7554\/revisions"}],"predecessor-version":[{"id":7555,"href":"https:\/\/westerncounties.ca\/fr\/wp-json\/wp\/v2\/pages\/7554\/revisions\/7555"}],"wp:attachment":[{"href":"https:\/\/westerncounties.ca\/fr\/wp-json\/wp\/v2\/media?parent=7554"}],"curies":[{"name":"wp","href":"https:\/\/api.w.org\/{rel}","templated":true}]}}