{"id":7551,"date":"2023-10-19T14:08:43","date_gmt":"2023-10-19T17:08:43","guid":{"rendered":"https:\/\/westerncounties.ca\/?page_id=7551"},"modified":"2025-09-29T16:25:18","modified_gmt":"2025-09-29T19:25:18","slug":"policy-naming-of-library-branches-and-buildings","status":"publish","type":"page","link":"https:\/\/westerncounties.ca\/fr\/policy-naming-of-library-branches-and-buildings\/","title":{"rendered":"D\u00e9nomination des succursales et des b\u00e2timents de la biblioth\u00e8que"},"content":{"rendered":"<p>The Library Board picks the names of library branches and buildings. They talk to building owners about the name.<\/p>\n\n\n\n<p>Library branches should have clear and simple names. They should be easy to identify. They should be easy to find.<\/p>\n\n\n\n<p>The Library Board will try to name branches and buildings after the place they are in. This helps people find their local library branch.<\/p>\n\n\n\n<p>Names are picked in this order:<\/p>\n\n\n\n<ul class=\"wp-block-list\">\n<li>The city, town or community where the library is located;<\/li>\n\n\n\n<li>A person or group that helped the library in an important way;<\/li>\n\n\n\n<li>The building or group of buildings where the library is located.<\/li>\n<\/ul>","protected":false},"excerpt":{"rendered":"<p>The Library Board picks the names of library branches and buildings. They talk to building owners about the name. Library branches should have clear and simple names. They should be easy to identify. They should be easy to find. The Library Board will try to name branches and buildings after the place they are in. [&hellip;]<\/p>\n","protected":false},"author":3,"featured_media":0,"parent":0,"menu_order":0,"comment_status":"closed","ping_status":"closed","template":"","meta":{"_acf_changed":false,"_et_pb_use_builder":"off","_et_pb_old_content":"","_et_gb_content_width":"","inline_featured_image":false,"footnotes":""},"class_list":["post-7551","page","type-page","status-publish","hentry"],"acf":[],"yoast_head":"<!-- This site is optimized with the Yoast SEO plugin v27.3 - https:\/\/yoast.com\/product\/yoast-seo-wordpress\/ -->\n<title>Naming of Library Branches and Buildings - Western Counties Regional Library<\/title>\n<meta name=\"robots\" content=\"index, follow, max-snippet:-1, max-image-preview:large, max-video-preview:-1\" \/>\n<link rel=\"canonical\" href=\"https:\/\/westerncounties.ca\/fr\/policy-naming-of-library-branches-and-buildings\/\" \/>\n<meta property=\"og:locale\" content=\"fr_CA\" \/>\n<meta property=\"og:type\" content=\"article\" \/>\n<meta property=\"og:title\" content=\"Naming of Library Branches and Buildings - Western Counties Regional Library\" \/>\n<meta property=\"og:description\" content=\"The Library Board picks the names of library branches and buildings. They talk to building owners about the name. Library branches should have clear and simple names. They should be easy to identify. They should be easy to find. The Library Board will try to name branches and buildings after the place they are in. [&hellip;]\" \/>\n<meta property=\"og:url\" content=\"https:\/\/westerncounties.ca\/fr\/policy-naming-of-library-branches-and-buildings\/\" \/>\n<meta property=\"og:site_name\" content=\"Western Counties Regional Library\" \/>\n<meta property=\"article:publisher\" content=\"https:\/\/www.facebook.com\/westerncounties\/\" \/>\n<meta property=\"article:modified_time\" content=\"2025-09-29T19:25:18+00:00\" \/>\n<meta name=\"twitter:card\" content=\"summary_large_image\" \/>\n<meta name=\"twitter:site\" content=\"@wcrlibrary\" \/>\n<script type=\"application\/ld+json\" class=\"yoast-schema-graph\">{\"@context\":\"https:\\\/\\\/schema.org\",\"@graph\":[{\"@type\":\"WebPage\",\"@id\":\"https:\\\/\\\/westerncounties.ca\\\/policy-naming-of-library-branches-and-buildings\\\/\",\"url\":\"https:\\\/\\\/westerncounties.ca\\\/policy-naming-of-library-branches-and-buildings\\\/\",\"name\":\"Naming of Library Branches and Buildings - Western Counties Regional Library\",\"isPartOf\":{\"@id\":\"https:\\\/\\\/westerncounties.ca\\\/#website\"},\"datePublished\":\"2023-10-19T17:08:43+00:00\",\"dateModified\":\"2025-09-29T19:25:18+00:00\",\"breadcrumb\":{\"@id\":\"https:\\\/\\\/westerncounties.ca\\\/policy-naming-of-library-branches-and-buildings\\\/#breadcrumb\"},\"inLanguage\":\"fr-CA\",\"potentialAction\":[{\"@type\":\"ReadAction\",\"target\":[\"https:\\\/\\\/westerncounties.ca\\\/policy-naming-of-library-branches-and-buildings\\\/\"]}]},{\"@type\":\"BreadcrumbList\",\"@id\":\"https:\\\/\\\/westerncounties.ca\\\/policy-naming-of-library-branches-and-buildings\\\/#breadcrumb\",\"itemListElement\":[{\"@type\":\"ListItem\",\"position\":1,\"name\":\"Home\",\"item\":\"https:\\\/\\\/westerncounties.ca\\\/\"},{\"@type\":\"ListItem\",\"position\":2,\"name\":\"Naming of Library Branches and Buildings\"}]},{\"@type\":\"WebSite\",\"@id\":\"https:\\\/\\\/westerncounties.ca\\\/#website\",\"url\":\"https:\\\/\\\/westerncounties.ca\\\/\",\"name\":\"Western Counties Regional Library\",\"description\":\"\",\"publisher\":{\"@id\":\"https:\\\/\\\/westerncounties.ca\\\/#organization\"},\"potentialAction\":[{\"@type\":\"SearchAction\",\"target\":{\"@type\":\"EntryPoint\",\"urlTemplate\":\"https:\\\/\\\/westerncounties.ca\\\/?s={search_term_string}\"},\"query-input\":{\"@type\":\"PropertyValueSpecification\",\"valueRequired\":true,\"valueName\":\"search_term_string\"}}],\"inLanguage\":\"fr-CA\"},{\"@type\":\"Organization\",\"@id\":\"https:\\\/\\\/westerncounties.ca\\\/#organization\",\"name\":\"Western Counties Regional Library\",\"url\":\"https:\\\/\\\/westerncounties.ca\\\/\",\"logo\":{\"@type\":\"ImageObject\",\"inLanguage\":\"fr-CA\",\"@id\":\"https:\\\/\\\/westerncounties.ca\\\/#\\\/schema\\\/logo\\\/image\\\/\",\"url\":\"https:\\\/\\\/westerncounties.ca\\\/wp-content\\\/uploads\\\/2022\\\/01\\\/WCRL_2021Logo_Stacked_Colour.jpg\",\"contentUrl\":\"https:\\\/\\\/westerncounties.ca\\\/wp-content\\\/uploads\\\/2022\\\/01\\\/WCRL_2021Logo_Stacked_Colour.jpg\",\"width\":1271,\"height\":1046,\"caption\":\"Western Counties Regional Library\"},\"image\":{\"@id\":\"https:\\\/\\\/westerncounties.ca\\\/#\\\/schema\\\/logo\\\/image\\\/\"},\"sameAs\":[\"https:\\\/\\\/www.facebook.com\\\/westerncounties\\\/\",\"https:\\\/\\\/x.com\\\/wcrlibrary\",\"https:\\\/\\\/www.pinterest.com\\\/WCRL\\\/\",\"https:\\\/\\\/www.youtube.com\\\/irwhite62\"]}]}<\/script>\n<!-- \/ Yoast SEO plugin. -->","yoast_head_json":{"title":"Naming of Library Branches and Buildings - Western Counties Regional Library","robots":{"index":"index","follow":"follow","max-snippet":"max-snippet:-1","max-image-preview":"max-image-preview:large","max-video-preview":"max-video-preview:-1"},"canonical":"https:\/\/westerncounties.ca\/fr\/policy-naming-of-library-branches-and-buildings\/","og_locale":"fr_CA","og_type":"article","og_title":"Naming of Library Branches and Buildings - Western Counties Regional Library","og_description":"The Library Board picks the names of library branches and buildings. They talk to building owners about the name. Library branches should have clear and simple names. They should be easy to identify. They should be easy to find. The Library Board will try to name branches and buildings after the place they are in. [&hellip;]","og_url":"https:\/\/westerncounties.ca\/fr\/policy-naming-of-library-branches-and-buildings\/","og_site_name":"Western Counties Regional Library","article_publisher":"https:\/\/www.facebook.com\/westerncounties\/","article_modified_time":"2025-09-29T19:25:18+00:00","twitter_card":"summary_large_image","twitter_site":"@wcrlibrary","schema":{"@context":"https:\/\/schema.org","@graph":[{"@type":"WebPage","@id":"https:\/\/westerncounties.ca\/policy-naming-of-library-branches-and-buildings\/","url":"https:\/\/westerncounties.ca\/policy-naming-of-library-branches-and-buildings\/","name":"Naming of Library Branches and Buildings - Western Counties Regional Library","isPartOf":{"@id":"https:\/\/westerncounties.ca\/#website"},"datePublished":"2023-10-19T17:08:43+00:00","dateModified":"2025-09-29T19:25:18+00:00","breadcrumb":{"@id":"https:\/\/westerncounties.ca\/policy-naming-of-library-branches-and-buildings\/#breadcrumb"},"inLanguage":"fr-CA","potentialAction":[{"@type":"ReadAction","target":["https:\/\/westerncounties.ca\/policy-naming-of-library-branches-and-buildings\/"]}]},{"@type":"BreadcrumbList","@id":"https:\/\/westerncounties.ca\/policy-naming-of-library-branches-and-buildings\/#breadcrumb","itemListElement":[{"@type":"ListItem","position":1,"name":"Home","item":"https:\/\/westerncounties.ca\/"},{"@type":"ListItem","position":2,"name":"Naming of Library Branches and Buildings"}]},{"@type":"WebSite","@id":"https:\/\/westerncounties.ca\/#website","url":"https:\/\/westerncounties.ca\/","name":"Western Counties Regional Library","description":"","publisher":{"@id":"https:\/\/westerncounties.ca\/#organization"},"potentialAction":[{"@type":"SearchAction","target":{"@type":"EntryPoint","urlTemplate":"https:\/\/westerncounties.ca\/?s={search_term_string}"},"query-input":{"@type":"PropertyValueSpecification","valueRequired":true,"valueName":"search_term_string"}}],"inLanguage":"fr-CA"},{"@type":"Organization","@id":"https:\/\/westerncounties.ca\/#organization","name":"Western Counties Regional Library","url":"https:\/\/westerncounties.ca\/","logo":{"@type":"ImageObject","inLanguage":"fr-CA","@id":"https:\/\/westerncounties.ca\/#\/schema\/logo\/image\/","url":"https:\/\/westerncounties.ca\/wp-content\/uploads\/2022\/01\/WCRL_2021Logo_Stacked_Colour.jpg","contentUrl":"https:\/\/westerncounties.ca\/wp-content\/uploads\/2022\/01\/WCRL_2021Logo_Stacked_Colour.jpg","width":1271,"height":1046,"caption":"Western Counties Regional Library"},"image":{"@id":"https:\/\/westerncounties.ca\/#\/schema\/logo\/image\/"},"sameAs":["https:\/\/www.facebook.com\/westerncounties\/","https:\/\/x.com\/wcrlibrary","https:\/\/www.pinterest.com\/WCRL\/","https:\/\/www.youtube.com\/irwhite62"]}]}},"publishpress_future_workflow_manual_trigger":{"enabledWorkflows":[]},"_links":{"self":[{"href":"https:\/\/westerncounties.ca\/fr\/wp-json\/wp\/v2\/pages\/7551","targetHints":{"allow":["GET"]}}],"collection":[{"href":"https:\/\/westerncounties.ca\/fr\/wp-json\/wp\/v2\/pages"}],"about":[{"href":"https:\/\/westerncounties.ca\/fr\/wp-json\/wp\/v2\/types\/page"}],"author":[{"embeddable":true,"href":"https:\/\/westerncounties.ca\/fr\/wp-json\/wp\/v2\/users\/3"}],"replies":[{"embeddable":true,"href":"https:\/\/westerncounties.ca\/fr\/wp-json\/wp\/v2\/comments?post=7551"}],"version-history":[{"count":3,"href":"https:\/\/westerncounties.ca\/fr\/wp-json\/wp\/v2\/pages\/7551\/revisions"}],"predecessor-version":[{"id":10800,"href":"https:\/\/westerncounties.ca\/fr\/wp-json\/wp\/v2\/pages\/7551\/revisions\/10800"}],"wp:attachment":[{"href":"https:\/\/westerncounties.ca\/fr\/wp-json\/wp\/v2\/media?parent=7551"}],"curies":[{"name":"wp","href":"https:\/\/api.w.org\/{rel}","templated":true}]}}