{"id":7547,"date":"2023-10-19T14:05:05","date_gmt":"2023-10-19T17:05:05","guid":{"rendered":"https:\/\/westerncounties.ca\/?page_id=7547"},"modified":"2024-01-24T15:22:35","modified_gmt":"2024-01-24T19:22:35","slug":"policy-member-with-a-print-disability","status":"publish","type":"page","link":"https:\/\/westerncounties.ca\/fr\/policy-member-with-a-print-disability\/","title":{"rendered":"Membre incapable de lire les imprim\u00e9s"},"content":{"rendered":"<p>Un membre incapable de lire les imprim\u00e9s est une personne qui ne peut lire les imprim\u00e9s conventionnels \u00e0 cause d\u2019une c\u00e9cit\u00e9, d\u2019une d\u00e9ficience visuelle, d\u2019une d\u00e9ficience physique, d\u2019une d\u00e9ficience de lecture ou d\u2019une difficult\u00e9 d\u2019apprentissage, conform\u00e9ment \u00e0 la d\u00e9finition de \u00ab d\u00e9ficience perceptuelle \u00bb de la Loi sur le droit d\u2019auteur du Canada.<\/p>\n\n\n\n<p>Les membres qui se d\u00e9clarent incapables de lire les imprim\u00e9s peuvent b\u00e9n\u00e9ficier des services du Centre d\u2019acc\u00e8s \u00e9quitable aux biblioth\u00e8ques (CA\u00c9B) et du R\u00e9seau national de services \u00e9quitables de biblioth\u00e8que (RNSEB). Les personnes doivent avoir une carte de membre de la biblioth\u00e8que pour acc\u00e9der aux services du CA\u00c9B et du RNSEB. Les membres incapables de lire les imprim\u00e9s peuvent emprunter des articles de notre collection de n\u2019importe quel format en plus de profiter des services offerts par le CA\u00c9B et le RNSEB.<\/p>\n\n\n\n<p>Afin d\u2019acc\u00e9der au service de biblioth\u00e8que du RNSEB, les membres doivent remplir un formulaire d\u2019autod\u00e9claration ou demander \u00e0 un adulte ayant le pouvoir de signature de remplir le formulaire en leur nom. La Western Counties Regional Library se r\u00e9serve le droit d\u2019exiger une preuve d\u2019admissibilit\u00e9 v\u00e9rifi\u00e9e par une autorit\u00e9 comp\u00e9tente. Par autorit\u00e9 comp\u00e9tente, on entend un m\u00e9decin, un ophtalmologiste, un optom\u00e9triste, un infirmier autoris\u00e9, un th\u00e9rapeute autoris\u00e9, un enseignant sp\u00e9cialis\u00e9, ou un membre du personnel professionnel d\u2019un h\u00f4pital, d\u2019une institution ou d\u2019un organisme public (p. ex., un travailleur social, un travailleur en service social individualis\u00e9, un conseiller).<\/p>","protected":false},"excerpt":{"rendered":"<p>A Member with a Print Disability is anyone who is prevented or inhibited from reading conventional print due to blindness, visual disability, physical disability and\/or a learning\/reading disability in accordance with the definition provided for \u201cperceptual disability\u201d in the Canadian Copyright Act. Members who identify as having a print disability qualify for both Centre for [&hellip;]<\/p>\n","protected":false},"author":3,"featured_media":0,"parent":0,"menu_order":0,"comment_status":"closed","ping_status":"closed","template":"","meta":{"_acf_changed":false,"_et_pb_use_builder":"off","_et_pb_old_content":"","_et_gb_content_width":"","inline_featured_image":false,"footnotes":""},"class_list":["post-7547","page","type-page","status-publish","hentry"],"acf":[],"yoast_head":"<!-- This site is optimized with the Yoast SEO plugin v27.3 - https:\/\/yoast.com\/product\/yoast-seo-wordpress\/ -->\n<title>Member with a Print Disability - Western Counties Regional Library<\/title>\n<meta name=\"robots\" content=\"index, follow, max-snippet:-1, max-image-preview:large, max-video-preview:-1\" \/>\n<link rel=\"canonical\" href=\"https:\/\/westerncounties.ca\/fr\/policy-member-with-a-print-disability\/\" \/>\n<meta property=\"og:locale\" content=\"fr_CA\" \/>\n<meta property=\"og:type\" content=\"article\" \/>\n<meta property=\"og:title\" content=\"Member with a Print Disability - Western Counties Regional Library\" \/>\n<meta property=\"og:description\" content=\"A Member with a Print Disability is anyone who is prevented or inhibited from reading conventional print due to blindness, visual disability, physical disability and\/or a learning\/reading disability in accordance with the definition provided for \u201cperceptual disability\u201d in the Canadian Copyright Act. Members who identify as having a print disability qualify for both Centre for [&hellip;]\" \/>\n<meta property=\"og:url\" content=\"https:\/\/westerncounties.ca\/fr\/policy-member-with-a-print-disability\/\" \/>\n<meta property=\"og:site_name\" content=\"Western Counties Regional Library\" \/>\n<meta property=\"article:publisher\" content=\"https:\/\/www.facebook.com\/westerncounties\/\" \/>\n<meta property=\"article:modified_time\" content=\"2024-01-24T19:22:35+00:00\" \/>\n<meta name=\"twitter:card\" content=\"summary_large_image\" \/>\n<meta name=\"twitter:site\" content=\"@wcrlibrary\" \/>\n<script type=\"application\/ld+json\" class=\"yoast-schema-graph\">{\"@context\":\"https:\\\/\\\/schema.org\",\"@graph\":[{\"@type\":\"WebPage\",\"@id\":\"https:\\\/\\\/westerncounties.ca\\\/policy-member-with-a-print-disability\\\/\",\"url\":\"https:\\\/\\\/westerncounties.ca\\\/policy-member-with-a-print-disability\\\/\",\"name\":\"Member with a Print Disability - Western Counties Regional Library\",\"isPartOf\":{\"@id\":\"https:\\\/\\\/westerncounties.ca\\\/#website\"},\"datePublished\":\"2023-10-19T17:05:05+00:00\",\"dateModified\":\"2024-01-24T19:22:35+00:00\",\"breadcrumb\":{\"@id\":\"https:\\\/\\\/westerncounties.ca\\\/policy-member-with-a-print-disability\\\/#breadcrumb\"},\"inLanguage\":\"fr-CA\",\"potentialAction\":[{\"@type\":\"ReadAction\",\"target\":[\"https:\\\/\\\/westerncounties.ca\\\/policy-member-with-a-print-disability\\\/\"]}]},{\"@type\":\"BreadcrumbList\",\"@id\":\"https:\\\/\\\/westerncounties.ca\\\/policy-member-with-a-print-disability\\\/#breadcrumb\",\"itemListElement\":[{\"@type\":\"ListItem\",\"position\":1,\"name\":\"Home\",\"item\":\"https:\\\/\\\/westerncounties.ca\\\/\"},{\"@type\":\"ListItem\",\"position\":2,\"name\":\"Member with a Print Disability\"}]},{\"@type\":\"WebSite\",\"@id\":\"https:\\\/\\\/westerncounties.ca\\\/#website\",\"url\":\"https:\\\/\\\/westerncounties.ca\\\/\",\"name\":\"Western Counties Regional Library\",\"description\":\"\",\"publisher\":{\"@id\":\"https:\\\/\\\/westerncounties.ca\\\/#organization\"},\"potentialAction\":[{\"@type\":\"SearchAction\",\"target\":{\"@type\":\"EntryPoint\",\"urlTemplate\":\"https:\\\/\\\/westerncounties.ca\\\/?s={search_term_string}\"},\"query-input\":{\"@type\":\"PropertyValueSpecification\",\"valueRequired\":true,\"valueName\":\"search_term_string\"}}],\"inLanguage\":\"fr-CA\"},{\"@type\":\"Organization\",\"@id\":\"https:\\\/\\\/westerncounties.ca\\\/#organization\",\"name\":\"Western Counties Regional Library\",\"url\":\"https:\\\/\\\/westerncounties.ca\\\/\",\"logo\":{\"@type\":\"ImageObject\",\"inLanguage\":\"fr-CA\",\"@id\":\"https:\\\/\\\/westerncounties.ca\\\/#\\\/schema\\\/logo\\\/image\\\/\",\"url\":\"https:\\\/\\\/westerncounties.ca\\\/wp-content\\\/uploads\\\/2022\\\/01\\\/WCRL_2021Logo_Stacked_Colour.jpg\",\"contentUrl\":\"https:\\\/\\\/westerncounties.ca\\\/wp-content\\\/uploads\\\/2022\\\/01\\\/WCRL_2021Logo_Stacked_Colour.jpg\",\"width\":1271,\"height\":1046,\"caption\":\"Western Counties Regional Library\"},\"image\":{\"@id\":\"https:\\\/\\\/westerncounties.ca\\\/#\\\/schema\\\/logo\\\/image\\\/\"},\"sameAs\":[\"https:\\\/\\\/www.facebook.com\\\/westerncounties\\\/\",\"https:\\\/\\\/x.com\\\/wcrlibrary\",\"https:\\\/\\\/www.pinterest.com\\\/WCRL\\\/\",\"https:\\\/\\\/www.youtube.com\\\/irwhite62\"]}]}<\/script>\n<!-- \/ Yoast SEO plugin. -->","yoast_head_json":{"title":"Member with a Print Disability - Western Counties Regional Library","robots":{"index":"index","follow":"follow","max-snippet":"max-snippet:-1","max-image-preview":"max-image-preview:large","max-video-preview":"max-video-preview:-1"},"canonical":"https:\/\/westerncounties.ca\/fr\/policy-member-with-a-print-disability\/","og_locale":"fr_CA","og_type":"article","og_title":"Member with a Print Disability - Western Counties Regional Library","og_description":"A Member with a Print Disability is anyone who is prevented or inhibited from reading conventional print due to blindness, visual disability, physical disability and\/or a learning\/reading disability in accordance with the definition provided for \u201cperceptual disability\u201d in the Canadian Copyright Act. Members who identify as having a print disability qualify for both Centre for [&hellip;]","og_url":"https:\/\/westerncounties.ca\/fr\/policy-member-with-a-print-disability\/","og_site_name":"Western Counties Regional Library","article_publisher":"https:\/\/www.facebook.com\/westerncounties\/","article_modified_time":"2024-01-24T19:22:35+00:00","twitter_card":"summary_large_image","twitter_site":"@wcrlibrary","schema":{"@context":"https:\/\/schema.org","@graph":[{"@type":"WebPage","@id":"https:\/\/westerncounties.ca\/policy-member-with-a-print-disability\/","url":"https:\/\/westerncounties.ca\/policy-member-with-a-print-disability\/","name":"Member with a Print Disability - Western Counties Regional Library","isPartOf":{"@id":"https:\/\/westerncounties.ca\/#website"},"datePublished":"2023-10-19T17:05:05+00:00","dateModified":"2024-01-24T19:22:35+00:00","breadcrumb":{"@id":"https:\/\/westerncounties.ca\/policy-member-with-a-print-disability\/#breadcrumb"},"inLanguage":"fr-CA","potentialAction":[{"@type":"ReadAction","target":["https:\/\/westerncounties.ca\/policy-member-with-a-print-disability\/"]}]},{"@type":"BreadcrumbList","@id":"https:\/\/westerncounties.ca\/policy-member-with-a-print-disability\/#breadcrumb","itemListElement":[{"@type":"ListItem","position":1,"name":"Home","item":"https:\/\/westerncounties.ca\/"},{"@type":"ListItem","position":2,"name":"Member with a Print Disability"}]},{"@type":"WebSite","@id":"https:\/\/westerncounties.ca\/#website","url":"https:\/\/westerncounties.ca\/","name":"Western Counties Regional Library","description":"","publisher":{"@id":"https:\/\/westerncounties.ca\/#organization"},"potentialAction":[{"@type":"SearchAction","target":{"@type":"EntryPoint","urlTemplate":"https:\/\/westerncounties.ca\/?s={search_term_string}"},"query-input":{"@type":"PropertyValueSpecification","valueRequired":true,"valueName":"search_term_string"}}],"inLanguage":"fr-CA"},{"@type":"Organization","@id":"https:\/\/westerncounties.ca\/#organization","name":"Western Counties Regional Library","url":"https:\/\/westerncounties.ca\/","logo":{"@type":"ImageObject","inLanguage":"fr-CA","@id":"https:\/\/westerncounties.ca\/#\/schema\/logo\/image\/","url":"https:\/\/westerncounties.ca\/wp-content\/uploads\/2022\/01\/WCRL_2021Logo_Stacked_Colour.jpg","contentUrl":"https:\/\/westerncounties.ca\/wp-content\/uploads\/2022\/01\/WCRL_2021Logo_Stacked_Colour.jpg","width":1271,"height":1046,"caption":"Western Counties Regional Library"},"image":{"@id":"https:\/\/westerncounties.ca\/#\/schema\/logo\/image\/"},"sameAs":["https:\/\/www.facebook.com\/westerncounties\/","https:\/\/x.com\/wcrlibrary","https:\/\/www.pinterest.com\/WCRL\/","https:\/\/www.youtube.com\/irwhite62"]}]}},"publishpress_future_workflow_manual_trigger":{"enabledWorkflows":[]},"_links":{"self":[{"href":"https:\/\/westerncounties.ca\/fr\/wp-json\/wp\/v2\/pages\/7547","targetHints":{"allow":["GET"]}}],"collection":[{"href":"https:\/\/westerncounties.ca\/fr\/wp-json\/wp\/v2\/pages"}],"about":[{"href":"https:\/\/westerncounties.ca\/fr\/wp-json\/wp\/v2\/types\/page"}],"author":[{"embeddable":true,"href":"https:\/\/westerncounties.ca\/fr\/wp-json\/wp\/v2\/users\/3"}],"replies":[{"embeddable":true,"href":"https:\/\/westerncounties.ca\/fr\/wp-json\/wp\/v2\/comments?post=7547"}],"version-history":[{"count":2,"href":"https:\/\/westerncounties.ca\/fr\/wp-json\/wp\/v2\/pages\/7547\/revisions"}],"predecessor-version":[{"id":7970,"href":"https:\/\/westerncounties.ca\/fr\/wp-json\/wp\/v2\/pages\/7547\/revisions\/7970"}],"wp:attachment":[{"href":"https:\/\/westerncounties.ca\/fr\/wp-json\/wp\/v2\/media?parent=7547"}],"curies":[{"name":"wp","href":"https:\/\/api.w.org\/{rel}","templated":true}]}}