{"id":7543,"date":"2023-10-19T12:32:56","date_gmt":"2023-10-19T15:32:56","guid":{"rendered":"https:\/\/westerncounties.ca\/?page_id=7543"},"modified":"2024-01-03T10:42:34","modified_gmt":"2024-01-03T14:42:34","slug":"policy-membership","status":"publish","type":"page","link":"https:\/\/westerncounties.ca\/fr\/policy-membership\/","title":{"rendered":"Membres"},"content":{"rendered":"<p>Avec une carte de membre de la biblioth\u00e8que, les usagers ont acc\u00e8s \u00e0 tous les articles de la biblioth\u00e8que, aux ordinateurs publics et \u00e0 l\u2019Internet, et acceptent de respecter les conditions d\u2019utilisation de l\u2019Internet.<\/p>\n\n\n\n<p>L\u2019abonnement est gratuit pour tous les r\u00e9sident.e.s et les non-r\u00e9sident.e.s en visite. Les non-r\u00e9sident.e.s doivent s\u2019inscrire en personne \u00e0 l\u2019une de nos succursales.<\/p>\n\n\n\n<p><strong>Cat\u00e9gories de membres et d\u00e9finitions<\/strong><strong><\/strong><\/p>\n\n\n\n<p><strong>Adulte :<\/strong><br>Tout r\u00e9sident et non-r\u00e9sident en visite \u00e2g\u00e9 de 14 ans ou plus.<br><br><strong>Enfant :<\/strong><br>Tout r\u00e9sident et non-r\u00e9sident en visite \u00e2g\u00e9 de 13 ans ou moins.<\/p>\n\n\n\n<p>Les enfants doivent avoir un consentement parental sign\u00e9 pour obtenir une carte de membre de la biblioth\u00e8que. En signant la carte de membre de la biblioth\u00e8que d\u2019un enfant, le parent ou le tuteur l\u00e9gal accepte de respecter toutes les politiques de la biblioth\u00e8que r\u00e9gionale et d\u2019assumer la responsabilit\u00e9 de l\u2019utilisation li\u00e9e \u00e0 la carte. Il assume aussi la responsabilit\u00e9 de surveiller l\u2019utilisation des articles de la biblioth\u00e8que et de l\u2019Internet par l\u2019enfant.<\/p>\n\n\n\n<p>Voir <a href=\"https:\/\/westerncounties.ca\/fr\/policy-internet-terms-of-use\/\">conditions d\u2019utilisation de l\u2019Internet<\/a>.<\/p>\n\n\n\n<p>Les parents ou les tuteurs l\u00e9gaux auront acc\u00e8s aux informations sur le compte de biblioth\u00e8que de leurs enfants (de moins de 14 ans) lorsqu\u2019ils le demandent et que le g\u00e9rant ou la g\u00e9rante de la succursale aura confirm\u00e9 l\u2019identit\u00e9 du parent ou du gardien et l\u2019\u00e2ge du mineur.<\/p>\n\n\n\n<p><strong>Institution :<\/strong><br>Les \u00e9coles, les ensembles r\u00e9sidentiels pour personnes \u00e2g\u00e9es, les foyers de soins sp\u00e9ciaux, les foyers de groupe, les h\u00f4pitaux et toute autre institution o\u00f9 les articles de la biblioth\u00e8que sont emprunt\u00e9s \u00e0 l\u2019institution elle-m\u00eame, plut\u00f4t qu\u2019\u00e0 un r\u00e9sident ou un patient en particulier. Les droits et privil\u00e8ges de ces membres sont expliqu\u00e9s dans la politique relative aux membres institutionnels.<\/p>\n\n\n\n<p><strong>Membre incapable de lire les imprim\u00e9s :<\/strong><br>Tout r\u00e9sident qui, \u00e0 cause d\u2019une d\u00e9ficience physique, visuelle ou perceptuelle, a de la difficult\u00e9 \u00e0 lire les documents imprim\u00e9s ordinaires. Les droits et privil\u00e8ges de ces membres sont expliqu\u00e9s dans la politique relative aux membres incapables de lire les imprim\u00e9s.\u00a0 <br><\/p>","protected":false},"excerpt":{"rendered":"<p>With a library membership card, patrons have access to all library materials, public computers and the Internet and agree to abide by the Internet Terms of Use. Membership is free for every resident and visiting non-resident. &nbsp;Non-residents must register in-person at one of our library branches. Membership Categories and Definitions Adult:Any resident and visiting non-resident [&hellip;]<\/p>\n","protected":false},"author":3,"featured_media":0,"parent":0,"menu_order":0,"comment_status":"closed","ping_status":"closed","template":"","meta":{"_acf_changed":false,"_et_pb_use_builder":"off","_et_pb_old_content":"","_et_gb_content_width":"","inline_featured_image":false,"footnotes":""},"class_list":["post-7543","page","type-page","status-publish","hentry"],"acf":[],"yoast_head":"<!-- This site is optimized with the Yoast SEO plugin v27.3 - https:\/\/yoast.com\/product\/yoast-seo-wordpress\/ -->\n<title>Membership - Western Counties Regional Library<\/title>\n<meta name=\"robots\" content=\"index, follow, max-snippet:-1, max-image-preview:large, max-video-preview:-1\" \/>\n<link rel=\"canonical\" href=\"https:\/\/westerncounties.ca\/fr\/policy-membership\/\" \/>\n<meta property=\"og:locale\" content=\"fr_CA\" \/>\n<meta property=\"og:type\" content=\"article\" \/>\n<meta property=\"og:title\" content=\"Membership - Western Counties Regional Library\" \/>\n<meta property=\"og:description\" content=\"With a library membership card, patrons have access to all library materials, public computers and the Internet and agree to abide by the Internet Terms of Use. Membership is free for every resident and visiting non-resident. &nbsp;Non-residents must register in-person at one of our library branches. Membership Categories and Definitions Adult:Any resident and visiting non-resident [&hellip;]\" \/>\n<meta property=\"og:url\" content=\"https:\/\/westerncounties.ca\/fr\/policy-membership\/\" \/>\n<meta property=\"og:site_name\" content=\"Western Counties Regional Library\" \/>\n<meta property=\"article:publisher\" content=\"https:\/\/www.facebook.com\/westerncounties\/\" \/>\n<meta property=\"article:modified_time\" content=\"2024-01-03T14:42:34+00:00\" \/>\n<meta name=\"twitter:card\" content=\"summary_large_image\" \/>\n<meta name=\"twitter:site\" content=\"@wcrlibrary\" \/>\n<script type=\"application\/ld+json\" class=\"yoast-schema-graph\">{\"@context\":\"https:\\\/\\\/schema.org\",\"@graph\":[{\"@type\":\"WebPage\",\"@id\":\"https:\\\/\\\/westerncounties.ca\\\/policy-membership\\\/\",\"url\":\"https:\\\/\\\/westerncounties.ca\\\/policy-membership\\\/\",\"name\":\"Membership - Western Counties Regional Library\",\"isPartOf\":{\"@id\":\"https:\\\/\\\/westerncounties.ca\\\/#website\"},\"datePublished\":\"2023-10-19T15:32:56+00:00\",\"dateModified\":\"2024-01-03T14:42:34+00:00\",\"breadcrumb\":{\"@id\":\"https:\\\/\\\/westerncounties.ca\\\/policy-membership\\\/#breadcrumb\"},\"inLanguage\":\"fr-CA\",\"potentialAction\":[{\"@type\":\"ReadAction\",\"target\":[\"https:\\\/\\\/westerncounties.ca\\\/policy-membership\\\/\"]}]},{\"@type\":\"BreadcrumbList\",\"@id\":\"https:\\\/\\\/westerncounties.ca\\\/policy-membership\\\/#breadcrumb\",\"itemListElement\":[{\"@type\":\"ListItem\",\"position\":1,\"name\":\"Home\",\"item\":\"https:\\\/\\\/westerncounties.ca\\\/\"},{\"@type\":\"ListItem\",\"position\":2,\"name\":\"Membership\"}]},{\"@type\":\"WebSite\",\"@id\":\"https:\\\/\\\/westerncounties.ca\\\/#website\",\"url\":\"https:\\\/\\\/westerncounties.ca\\\/\",\"name\":\"Western Counties Regional Library\",\"description\":\"\",\"publisher\":{\"@id\":\"https:\\\/\\\/westerncounties.ca\\\/#organization\"},\"potentialAction\":[{\"@type\":\"SearchAction\",\"target\":{\"@type\":\"EntryPoint\",\"urlTemplate\":\"https:\\\/\\\/westerncounties.ca\\\/?s={search_term_string}\"},\"query-input\":{\"@type\":\"PropertyValueSpecification\",\"valueRequired\":true,\"valueName\":\"search_term_string\"}}],\"inLanguage\":\"fr-CA\"},{\"@type\":\"Organization\",\"@id\":\"https:\\\/\\\/westerncounties.ca\\\/#organization\",\"name\":\"Western Counties Regional Library\",\"url\":\"https:\\\/\\\/westerncounties.ca\\\/\",\"logo\":{\"@type\":\"ImageObject\",\"inLanguage\":\"fr-CA\",\"@id\":\"https:\\\/\\\/westerncounties.ca\\\/#\\\/schema\\\/logo\\\/image\\\/\",\"url\":\"https:\\\/\\\/westerncounties.ca\\\/wp-content\\\/uploads\\\/2022\\\/01\\\/WCRL_2021Logo_Stacked_Colour.jpg\",\"contentUrl\":\"https:\\\/\\\/westerncounties.ca\\\/wp-content\\\/uploads\\\/2022\\\/01\\\/WCRL_2021Logo_Stacked_Colour.jpg\",\"width\":1271,\"height\":1046,\"caption\":\"Western Counties Regional Library\"},\"image\":{\"@id\":\"https:\\\/\\\/westerncounties.ca\\\/#\\\/schema\\\/logo\\\/image\\\/\"},\"sameAs\":[\"https:\\\/\\\/www.facebook.com\\\/westerncounties\\\/\",\"https:\\\/\\\/x.com\\\/wcrlibrary\",\"https:\\\/\\\/www.pinterest.com\\\/WCRL\\\/\",\"https:\\\/\\\/www.youtube.com\\\/irwhite62\"]}]}<\/script>\n<!-- \/ Yoast SEO plugin. -->","yoast_head_json":{"title":"Membership - Western Counties Regional Library","robots":{"index":"index","follow":"follow","max-snippet":"max-snippet:-1","max-image-preview":"max-image-preview:large","max-video-preview":"max-video-preview:-1"},"canonical":"https:\/\/westerncounties.ca\/fr\/policy-membership\/","og_locale":"fr_CA","og_type":"article","og_title":"Membership - Western Counties Regional Library","og_description":"With a library membership card, patrons have access to all library materials, public computers and the Internet and agree to abide by the Internet Terms of Use. Membership is free for every resident and visiting non-resident. &nbsp;Non-residents must register in-person at one of our library branches. Membership Categories and Definitions Adult:Any resident and visiting non-resident [&hellip;]","og_url":"https:\/\/westerncounties.ca\/fr\/policy-membership\/","og_site_name":"Western Counties Regional Library","article_publisher":"https:\/\/www.facebook.com\/westerncounties\/","article_modified_time":"2024-01-03T14:42:34+00:00","twitter_card":"summary_large_image","twitter_site":"@wcrlibrary","schema":{"@context":"https:\/\/schema.org","@graph":[{"@type":"WebPage","@id":"https:\/\/westerncounties.ca\/policy-membership\/","url":"https:\/\/westerncounties.ca\/policy-membership\/","name":"Membership - Western Counties Regional Library","isPartOf":{"@id":"https:\/\/westerncounties.ca\/#website"},"datePublished":"2023-10-19T15:32:56+00:00","dateModified":"2024-01-03T14:42:34+00:00","breadcrumb":{"@id":"https:\/\/westerncounties.ca\/policy-membership\/#breadcrumb"},"inLanguage":"fr-CA","potentialAction":[{"@type":"ReadAction","target":["https:\/\/westerncounties.ca\/policy-membership\/"]}]},{"@type":"BreadcrumbList","@id":"https:\/\/westerncounties.ca\/policy-membership\/#breadcrumb","itemListElement":[{"@type":"ListItem","position":1,"name":"Home","item":"https:\/\/westerncounties.ca\/"},{"@type":"ListItem","position":2,"name":"Membership"}]},{"@type":"WebSite","@id":"https:\/\/westerncounties.ca\/#website","url":"https:\/\/westerncounties.ca\/","name":"Western Counties Regional Library","description":"","publisher":{"@id":"https:\/\/westerncounties.ca\/#organization"},"potentialAction":[{"@type":"SearchAction","target":{"@type":"EntryPoint","urlTemplate":"https:\/\/westerncounties.ca\/?s={search_term_string}"},"query-input":{"@type":"PropertyValueSpecification","valueRequired":true,"valueName":"search_term_string"}}],"inLanguage":"fr-CA"},{"@type":"Organization","@id":"https:\/\/westerncounties.ca\/#organization","name":"Western Counties Regional Library","url":"https:\/\/westerncounties.ca\/","logo":{"@type":"ImageObject","inLanguage":"fr-CA","@id":"https:\/\/westerncounties.ca\/#\/schema\/logo\/image\/","url":"https:\/\/westerncounties.ca\/wp-content\/uploads\/2022\/01\/WCRL_2021Logo_Stacked_Colour.jpg","contentUrl":"https:\/\/westerncounties.ca\/wp-content\/uploads\/2022\/01\/WCRL_2021Logo_Stacked_Colour.jpg","width":1271,"height":1046,"caption":"Western Counties Regional Library"},"image":{"@id":"https:\/\/westerncounties.ca\/#\/schema\/logo\/image\/"},"sameAs":["https:\/\/www.facebook.com\/westerncounties\/","https:\/\/x.com\/wcrlibrary","https:\/\/www.pinterest.com\/WCRL\/","https:\/\/www.youtube.com\/irwhite62"]}]}},"publishpress_future_workflow_manual_trigger":{"enabledWorkflows":[]},"_links":{"self":[{"href":"https:\/\/westerncounties.ca\/fr\/wp-json\/wp\/v2\/pages\/7543","targetHints":{"allow":["GET"]}}],"collection":[{"href":"https:\/\/westerncounties.ca\/fr\/wp-json\/wp\/v2\/pages"}],"about":[{"href":"https:\/\/westerncounties.ca\/fr\/wp-json\/wp\/v2\/types\/page"}],"author":[{"embeddable":true,"href":"https:\/\/westerncounties.ca\/fr\/wp-json\/wp\/v2\/users\/3"}],"replies":[{"embeddable":true,"href":"https:\/\/westerncounties.ca\/fr\/wp-json\/wp\/v2\/comments?post=7543"}],"version-history":[{"count":3,"href":"https:\/\/westerncounties.ca\/fr\/wp-json\/wp\/v2\/pages\/7543\/revisions"}],"predecessor-version":[{"id":7910,"href":"https:\/\/westerncounties.ca\/fr\/wp-json\/wp\/v2\/pages\/7543\/revisions\/7910"}],"wp:attachment":[{"href":"https:\/\/westerncounties.ca\/fr\/wp-json\/wp\/v2\/media?parent=7543"}],"curies":[{"name":"wp","href":"https:\/\/api.w.org\/{rel}","templated":true}]}}