{"id":7530,"date":"2023-10-19T11:11:30","date_gmt":"2023-10-19T14:11:30","guid":{"rendered":"https:\/\/westerncounties.ca\/?page_id=7530"},"modified":"2023-10-19T11:11:32","modified_gmt":"2023-10-19T14:11:32","slug":"institutional-member","status":"publish","type":"page","link":"https:\/\/westerncounties.ca\/fr\/institutional-member\/","title":{"rendered":"Membre institutionnel"},"content":{"rendered":"<p>La cat\u00e9gorie Membre institutionnel comprend les \u00e9coles, les ensembles r\u00e9sidentiels pour personnes \u00e2g\u00e9es, les foyers de soins sp\u00e9ciaux, les foyers de groupe, les h\u00f4pitaux et toute autre institution o\u00f9 les articles de la biblioth\u00e8que sont emprunt\u00e9s \u00e0 l\u2019institution elle-m\u00eame, plut\u00f4t qu\u2019\u00e0 un employ\u00e9, un \u00e9tudiant, un membre, un r\u00e9sident ou un patient en particulier. Le nom et le num\u00e9ro de t\u00e9l\u00e9phone d\u2019une personne-ressource de l\u2019institution doivent figurer sur le compte. Les demandes de service institutionnel peuvent \u00eatre adress\u00e9es au g\u00e9rant ou \u00e0 la g\u00e9rante de la succursale de la biblioth\u00e8que la plus proche.<\/p>\n\n\n\n<p>Le service de livraison \u00e0 une institution d\u00e9pend de la disponibilit\u00e9 du personnel ou du temps des b\u00e9n\u00e9voles, de la distance entre l\u2019institution et la succursale de la biblioth\u00e8que, et du secteur dans lequel le besoin est le plus grand. L\u2019institution peut d\u00e9signer une personne pour ramasser et rendre les articles.<\/p>\n\n\n\n<p>Les membres institutionnels b\u00e9n\u00e9ficient d\u2019une p\u00e9riode de pr\u00eat prolong\u00e9e de huit (8) semaines, avec le droit \u00e0 un (1) renouvellement de huit (8) semaines. La plupart des articles t\u00e9l\u00e9chargeables peuvent \u00eatre pr\u00eat\u00e9s pour un maximum de trois semaines.<\/p>\n\n\n\n<p>M\u00eame si des avis sont envoy\u00e9s pour les articles en retard, aucune amende n\u2019est factur\u00e9e pour ces articles. Les avis d\u2019articles en retard sont envoy\u00e9s au membre du personnel responsable du service ou \u00e0 la personne-ressource de l\u2019institution (si une personne diff\u00e9rente ramasse et rend les livres).<\/p>\n\n\n\n<p>Les membres institutionnels n\u2019ont pas \u00e0 payer des frais pour les articles perdus ou endommag\u00e9s. Toutefois, un membre institutionnel ne pourra pas emprunter d\u2019autres articles si les frais pour les articles perdus ou endommag\u00e9s atteignent ou d\u00e9passent deux cents (200) dollars, ou si plus de deux cents (200) articles sont en retard.<\/p>","protected":false},"excerpt":{"rendered":"<p>The Institutional Member category includes schools, senior citizens complexes, homes for special care, group homes, hospitals, and any other institution where library materials are signed out to the institution itself, rather than a student, member, resident or patient. The library will require the name and telephone number of a designated contact person from the institution [&hellip;]<\/p>\n","protected":false},"author":3,"featured_media":0,"parent":0,"menu_order":0,"comment_status":"closed","ping_status":"closed","template":"","meta":{"_acf_changed":false,"_et_pb_use_builder":"off","_et_pb_old_content":"","_et_gb_content_width":"","inline_featured_image":false,"footnotes":""},"class_list":["post-7530","page","type-page","status-publish","hentry"],"acf":[],"yoast_head":"<!-- This site is optimized with the Yoast SEO plugin v27.3 - https:\/\/yoast.com\/product\/yoast-seo-wordpress\/ -->\n<title>Institutional Member - Western Counties Regional Library<\/title>\n<meta name=\"robots\" content=\"index, follow, max-snippet:-1, max-image-preview:large, max-video-preview:-1\" \/>\n<link rel=\"canonical\" href=\"https:\/\/westerncounties.ca\/fr\/institutional-member\/\" \/>\n<meta property=\"og:locale\" content=\"fr_CA\" \/>\n<meta property=\"og:type\" content=\"article\" \/>\n<meta property=\"og:title\" content=\"Institutional Member - Western Counties Regional Library\" \/>\n<meta property=\"og:description\" content=\"The Institutional Member category includes schools, senior citizens complexes, homes for special care, group homes, hospitals, and any other institution where library materials are signed out to the institution itself, rather than a student, member, resident or patient. The library will require the name and telephone number of a designated contact person from the institution [&hellip;]\" \/>\n<meta property=\"og:url\" content=\"https:\/\/westerncounties.ca\/fr\/institutional-member\/\" \/>\n<meta property=\"og:site_name\" content=\"Western Counties Regional Library\" \/>\n<meta property=\"article:publisher\" content=\"https:\/\/www.facebook.com\/westerncounties\/\" \/>\n<meta property=\"article:modified_time\" content=\"2023-10-19T14:11:32+00:00\" \/>\n<meta name=\"twitter:card\" content=\"summary_large_image\" \/>\n<meta name=\"twitter:site\" content=\"@wcrlibrary\" \/>\n<script type=\"application\/ld+json\" class=\"yoast-schema-graph\">{\"@context\":\"https:\\\/\\\/schema.org\",\"@graph\":[{\"@type\":\"WebPage\",\"@id\":\"https:\\\/\\\/westerncounties.ca\\\/institutional-member\\\/\",\"url\":\"https:\\\/\\\/westerncounties.ca\\\/institutional-member\\\/\",\"name\":\"Institutional Member - Western Counties Regional Library\",\"isPartOf\":{\"@id\":\"https:\\\/\\\/westerncounties.ca\\\/#website\"},\"datePublished\":\"2023-10-19T14:11:30+00:00\",\"dateModified\":\"2023-10-19T14:11:32+00:00\",\"breadcrumb\":{\"@id\":\"https:\\\/\\\/westerncounties.ca\\\/institutional-member\\\/#breadcrumb\"},\"inLanguage\":\"fr-CA\",\"potentialAction\":[{\"@type\":\"ReadAction\",\"target\":[\"https:\\\/\\\/westerncounties.ca\\\/institutional-member\\\/\"]}]},{\"@type\":\"BreadcrumbList\",\"@id\":\"https:\\\/\\\/westerncounties.ca\\\/institutional-member\\\/#breadcrumb\",\"itemListElement\":[{\"@type\":\"ListItem\",\"position\":1,\"name\":\"Home\",\"item\":\"https:\\\/\\\/westerncounties.ca\\\/\"},{\"@type\":\"ListItem\",\"position\":2,\"name\":\"Institutional Member\"}]},{\"@type\":\"WebSite\",\"@id\":\"https:\\\/\\\/westerncounties.ca\\\/#website\",\"url\":\"https:\\\/\\\/westerncounties.ca\\\/\",\"name\":\"Western Counties Regional Library\",\"description\":\"\",\"publisher\":{\"@id\":\"https:\\\/\\\/westerncounties.ca\\\/#organization\"},\"potentialAction\":[{\"@type\":\"SearchAction\",\"target\":{\"@type\":\"EntryPoint\",\"urlTemplate\":\"https:\\\/\\\/westerncounties.ca\\\/?s={search_term_string}\"},\"query-input\":{\"@type\":\"PropertyValueSpecification\",\"valueRequired\":true,\"valueName\":\"search_term_string\"}}],\"inLanguage\":\"fr-CA\"},{\"@type\":\"Organization\",\"@id\":\"https:\\\/\\\/westerncounties.ca\\\/#organization\",\"name\":\"Western Counties Regional Library\",\"url\":\"https:\\\/\\\/westerncounties.ca\\\/\",\"logo\":{\"@type\":\"ImageObject\",\"inLanguage\":\"fr-CA\",\"@id\":\"https:\\\/\\\/westerncounties.ca\\\/#\\\/schema\\\/logo\\\/image\\\/\",\"url\":\"https:\\\/\\\/westerncounties.ca\\\/wp-content\\\/uploads\\\/2022\\\/01\\\/WCRL_2021Logo_Stacked_Colour.jpg\",\"contentUrl\":\"https:\\\/\\\/westerncounties.ca\\\/wp-content\\\/uploads\\\/2022\\\/01\\\/WCRL_2021Logo_Stacked_Colour.jpg\",\"width\":1271,\"height\":1046,\"caption\":\"Western Counties Regional Library\"},\"image\":{\"@id\":\"https:\\\/\\\/westerncounties.ca\\\/#\\\/schema\\\/logo\\\/image\\\/\"},\"sameAs\":[\"https:\\\/\\\/www.facebook.com\\\/westerncounties\\\/\",\"https:\\\/\\\/x.com\\\/wcrlibrary\",\"https:\\\/\\\/www.pinterest.com\\\/WCRL\\\/\",\"https:\\\/\\\/www.youtube.com\\\/irwhite62\"]}]}<\/script>\n<!-- \/ Yoast SEO plugin. -->","yoast_head_json":{"title":"Institutional Member - Western Counties Regional Library","robots":{"index":"index","follow":"follow","max-snippet":"max-snippet:-1","max-image-preview":"max-image-preview:large","max-video-preview":"max-video-preview:-1"},"canonical":"https:\/\/westerncounties.ca\/fr\/institutional-member\/","og_locale":"fr_CA","og_type":"article","og_title":"Institutional Member - Western Counties Regional Library","og_description":"The Institutional Member category includes schools, senior citizens complexes, homes for special care, group homes, hospitals, and any other institution where library materials are signed out to the institution itself, rather than a student, member, resident or patient. The library will require the name and telephone number of a designated contact person from the institution [&hellip;]","og_url":"https:\/\/westerncounties.ca\/fr\/institutional-member\/","og_site_name":"Western Counties Regional Library","article_publisher":"https:\/\/www.facebook.com\/westerncounties\/","article_modified_time":"2023-10-19T14:11:32+00:00","twitter_card":"summary_large_image","twitter_site":"@wcrlibrary","schema":{"@context":"https:\/\/schema.org","@graph":[{"@type":"WebPage","@id":"https:\/\/westerncounties.ca\/institutional-member\/","url":"https:\/\/westerncounties.ca\/institutional-member\/","name":"Institutional Member - Western Counties Regional Library","isPartOf":{"@id":"https:\/\/westerncounties.ca\/#website"},"datePublished":"2023-10-19T14:11:30+00:00","dateModified":"2023-10-19T14:11:32+00:00","breadcrumb":{"@id":"https:\/\/westerncounties.ca\/institutional-member\/#breadcrumb"},"inLanguage":"fr-CA","potentialAction":[{"@type":"ReadAction","target":["https:\/\/westerncounties.ca\/institutional-member\/"]}]},{"@type":"BreadcrumbList","@id":"https:\/\/westerncounties.ca\/institutional-member\/#breadcrumb","itemListElement":[{"@type":"ListItem","position":1,"name":"Home","item":"https:\/\/westerncounties.ca\/"},{"@type":"ListItem","position":2,"name":"Institutional Member"}]},{"@type":"WebSite","@id":"https:\/\/westerncounties.ca\/#website","url":"https:\/\/westerncounties.ca\/","name":"Western Counties Regional Library","description":"","publisher":{"@id":"https:\/\/westerncounties.ca\/#organization"},"potentialAction":[{"@type":"SearchAction","target":{"@type":"EntryPoint","urlTemplate":"https:\/\/westerncounties.ca\/?s={search_term_string}"},"query-input":{"@type":"PropertyValueSpecification","valueRequired":true,"valueName":"search_term_string"}}],"inLanguage":"fr-CA"},{"@type":"Organization","@id":"https:\/\/westerncounties.ca\/#organization","name":"Western Counties Regional Library","url":"https:\/\/westerncounties.ca\/","logo":{"@type":"ImageObject","inLanguage":"fr-CA","@id":"https:\/\/westerncounties.ca\/#\/schema\/logo\/image\/","url":"https:\/\/westerncounties.ca\/wp-content\/uploads\/2022\/01\/WCRL_2021Logo_Stacked_Colour.jpg","contentUrl":"https:\/\/westerncounties.ca\/wp-content\/uploads\/2022\/01\/WCRL_2021Logo_Stacked_Colour.jpg","width":1271,"height":1046,"caption":"Western Counties Regional Library"},"image":{"@id":"https:\/\/westerncounties.ca\/#\/schema\/logo\/image\/"},"sameAs":["https:\/\/www.facebook.com\/westerncounties\/","https:\/\/x.com\/wcrlibrary","https:\/\/www.pinterest.com\/WCRL\/","https:\/\/www.youtube.com\/irwhite62"]}]}},"publishpress_future_workflow_manual_trigger":{"enabledWorkflows":[]},"_links":{"self":[{"href":"https:\/\/westerncounties.ca\/fr\/wp-json\/wp\/v2\/pages\/7530","targetHints":{"allow":["GET"]}}],"collection":[{"href":"https:\/\/westerncounties.ca\/fr\/wp-json\/wp\/v2\/pages"}],"about":[{"href":"https:\/\/westerncounties.ca\/fr\/wp-json\/wp\/v2\/types\/page"}],"author":[{"embeddable":true,"href":"https:\/\/westerncounties.ca\/fr\/wp-json\/wp\/v2\/users\/3"}],"replies":[{"embeddable":true,"href":"https:\/\/westerncounties.ca\/fr\/wp-json\/wp\/v2\/comments?post=7530"}],"version-history":[{"count":1,"href":"https:\/\/westerncounties.ca\/fr\/wp-json\/wp\/v2\/pages\/7530\/revisions"}],"predecessor-version":[{"id":7531,"href":"https:\/\/westerncounties.ca\/fr\/wp-json\/wp\/v2\/pages\/7530\/revisions\/7531"}],"wp:attachment":[{"href":"https:\/\/westerncounties.ca\/fr\/wp-json\/wp\/v2\/media?parent=7530"}],"curies":[{"name":"wp","href":"https:\/\/api.w.org\/{rel}","templated":true}]}}