{"id":7524,"date":"2023-10-19T10:59:17","date_gmt":"2023-10-19T13:59:17","guid":{"rendered":"https:\/\/westerncounties.ca\/?page_id=7524"},"modified":"2026-01-12T14:17:31","modified_gmt":"2026-01-12T18:17:31","slug":"policy-gifts-and-donations","status":"publish","type":"page","link":"https:\/\/westerncounties.ca\/fr\/policy-gifts-and-donations\/","title":{"rendered":"Cadeaux et dons"},"content":{"rendered":"<p><strong>Aper\u00e7u<\/strong><strong><\/strong><\/p>\n\n\n\n<p>En Nouvelle-\u00c9cosse, les biblioth\u00e8ques doivent amasser 3 % de leur budget de fonctionnement. Les contributions volontaires aident \u00e0 assurer la stabilit\u00e9 financi\u00e8re \u00e0 long terme de la Western Counties Regional Library.<\/p>\n\n\n\n<p>Les dons peuvent inclure des dons en esp\u00e8ces, des promesses de dons, des legs, des dons d\u2019assurance-vie et d\u2019autres arrangements de dons que l\u2019administration peut approuver de temps en temps.<\/p>\n\n\n\n<p>La Western Counties Regional Library appr\u00e9cie tous les dons et tient compte de l\u2019acte de donner, autant que la valeur mon\u00e9taire du don, dans son programme de reconnaissance des donateurs.<\/p>\n\n\n\n<p>La biblioth\u00e8que tient compte des int\u00e9r\u00eats et des souhaits des donateurs et des donatrices lorsqu\u2019elle con\u00e7oit et diffuse toutes les communications et la reconnaissance. Il y a des possibilit\u00e9s pour tous les donateurs et toutes les donatrices qui souhaitent \u00eatre reconnus. D\u2019autres donateurs\/donatrices pr\u00e9f\u00e8rent rester anonymes ; dans ce cas leur vie priv\u00e9e sera respect\u00e9e.<\/p>\n\n\n\n<p><strong>Dons en esp\u00e8ces<\/strong><strong><\/strong><\/p>\n\n\n\n<p>Le conseil encourage les dons en esp\u00e8ces et les legs du public par l\u2019entremise de son association caritative. Des re\u00e7us fiscaux sont remis sur demande pour les dons en esp\u00e8ces de plus de 10 $. Sauf indication contraire au moment du don, les dons servent normalement \u00e0 agrandir la collection de la biblioth\u00e8que. Tout d\u00e9tenteur d\u2019une carte de biblioth\u00e8que peut emprunter les articles achet\u00e9s pour la collection en circulation.<br><br>Si le donateur\/la donatrice souhaite pr\u00e9ciser comment l\u2019argent devrait \u00eatre d\u00e9pens\u00e9, un accord sp\u00e9cial doit \u00eatre conclu avec la biblioth\u00e8que lorsque le don est fait.<br><br>Le donateur\/la donatrice doit remplir le <a href=\"https:\/\/westerncounties.ca\/wp-content\/uploads\/2023\/06\/donationform_FR.pdf\">Formulaire de don<\/a>.<br><br>Les dons sont reconnus de mani\u00e8re appropri\u00e9e. La reconnaissance comprend une attestation \u00e9crite. Le donateur\/la donatrice peut choisir d\u2019\u00eatre reconnu ou non sur un ex-libris, qui peut honorer une personne ou un groupe particulier ou souligner un don comm\u00e9moratif.<\/p>\n\n\n\n<p><strong>Dons en nature<\/strong><\/p>\n\n\n\n<p>Afin d\u2019obtenir un re\u00e7u fiscal, le donateur\/la donatrice doit fournir, pour tout don en nature, une \u00e9valuation professionnelle et \u00e9crite \u00e9mise par un tiers. Les dons en nature ne comprennent pas les biens et services re\u00e7us \u00e0 la suite d\u2019une entente de partenariat ou de parrainage. On n\u2019attribuera pas aux dons en nature une valeur en esp\u00e8ces aux fins de reconnaissance. Toutefois, on y accordera la reconnaissance jug\u00e9e appropri\u00e9e par la direction.<\/p>\n\n\n\n<p><strong>Dons de livres usag\u00e9s<\/strong><\/p>\n\n\n\n<p>Voir <a href=\"https:\/\/westerncounties.ca\/fr\/materials-donation-policy\/\">Materials Donation Policy<\/a><\/p>","protected":false},"excerpt":{"rendered":"<p>Overview In Nova Scotia, libraries are required to raise 3% of their operating budget. Voluntary contributions help ensure Western Counties Regional Library\u2019s long-term financial stability. Donations can include outright gifts of cash, pledges, bequests, gifts of life insurance and such other gift arrangements as the trustees may from time to time approve. Western Counties Regional [&hellip;]<\/p>\n","protected":false},"author":3,"featured_media":0,"parent":0,"menu_order":0,"comment_status":"closed","ping_status":"closed","template":"","meta":{"_acf_changed":false,"_et_pb_use_builder":"off","_et_pb_old_content":"","_et_gb_content_width":"","inline_featured_image":false,"footnotes":""},"class_list":["post-7524","page","type-page","status-publish","hentry"],"acf":[],"yoast_head":"<!-- This site is optimized with the Yoast SEO plugin v27.3 - https:\/\/yoast.com\/product\/yoast-seo-wordpress\/ -->\n<title>Gifts and Donations - Western Counties Regional Library<\/title>\n<meta name=\"robots\" content=\"index, follow, max-snippet:-1, max-image-preview:large, max-video-preview:-1\" \/>\n<link rel=\"canonical\" href=\"https:\/\/westerncounties.ca\/fr\/policy-gifts-and-donations\/\" \/>\n<meta property=\"og:locale\" content=\"fr_CA\" \/>\n<meta property=\"og:type\" content=\"article\" \/>\n<meta property=\"og:title\" content=\"Gifts and Donations - Western Counties Regional Library\" \/>\n<meta property=\"og:description\" content=\"Overview In Nova Scotia, libraries are required to raise 3% of their operating budget. Voluntary contributions help ensure Western Counties Regional Library\u2019s long-term financial stability. Donations can include outright gifts of cash, pledges, bequests, gifts of life insurance and such other gift arrangements as the trustees may from time to time approve. Western Counties Regional [&hellip;]\" \/>\n<meta property=\"og:url\" content=\"https:\/\/westerncounties.ca\/fr\/policy-gifts-and-donations\/\" \/>\n<meta property=\"og:site_name\" content=\"Western Counties Regional Library\" \/>\n<meta property=\"article:publisher\" content=\"https:\/\/www.facebook.com\/westerncounties\/\" \/>\n<meta property=\"article:modified_time\" content=\"2026-01-12T18:17:31+00:00\" \/>\n<meta name=\"twitter:card\" content=\"summary_large_image\" \/>\n<meta name=\"twitter:site\" content=\"@wcrlibrary\" \/>\n<script type=\"application\/ld+json\" class=\"yoast-schema-graph\">{\"@context\":\"https:\\\/\\\/schema.org\",\"@graph\":[{\"@type\":\"WebPage\",\"@id\":\"https:\\\/\\\/westerncounties.ca\\\/policy-gifts-and-donations\\\/\",\"url\":\"https:\\\/\\\/westerncounties.ca\\\/policy-gifts-and-donations\\\/\",\"name\":\"Gifts and Donations - Western Counties Regional Library\",\"isPartOf\":{\"@id\":\"https:\\\/\\\/westerncounties.ca\\\/#website\"},\"datePublished\":\"2023-10-19T13:59:17+00:00\",\"dateModified\":\"2026-01-12T18:17:31+00:00\",\"breadcrumb\":{\"@id\":\"https:\\\/\\\/westerncounties.ca\\\/policy-gifts-and-donations\\\/#breadcrumb\"},\"inLanguage\":\"fr-CA\",\"potentialAction\":[{\"@type\":\"ReadAction\",\"target\":[\"https:\\\/\\\/westerncounties.ca\\\/policy-gifts-and-donations\\\/\"]}]},{\"@type\":\"BreadcrumbList\",\"@id\":\"https:\\\/\\\/westerncounties.ca\\\/policy-gifts-and-donations\\\/#breadcrumb\",\"itemListElement\":[{\"@type\":\"ListItem\",\"position\":1,\"name\":\"Home\",\"item\":\"https:\\\/\\\/westerncounties.ca\\\/\"},{\"@type\":\"ListItem\",\"position\":2,\"name\":\"Gifts and Donations\"}]},{\"@type\":\"WebSite\",\"@id\":\"https:\\\/\\\/westerncounties.ca\\\/#website\",\"url\":\"https:\\\/\\\/westerncounties.ca\\\/\",\"name\":\"Western Counties Regional Library\",\"description\":\"\",\"publisher\":{\"@id\":\"https:\\\/\\\/westerncounties.ca\\\/#organization\"},\"potentialAction\":[{\"@type\":\"SearchAction\",\"target\":{\"@type\":\"EntryPoint\",\"urlTemplate\":\"https:\\\/\\\/westerncounties.ca\\\/?s={search_term_string}\"},\"query-input\":{\"@type\":\"PropertyValueSpecification\",\"valueRequired\":true,\"valueName\":\"search_term_string\"}}],\"inLanguage\":\"fr-CA\"},{\"@type\":\"Organization\",\"@id\":\"https:\\\/\\\/westerncounties.ca\\\/#organization\",\"name\":\"Western Counties Regional Library\",\"url\":\"https:\\\/\\\/westerncounties.ca\\\/\",\"logo\":{\"@type\":\"ImageObject\",\"inLanguage\":\"fr-CA\",\"@id\":\"https:\\\/\\\/westerncounties.ca\\\/#\\\/schema\\\/logo\\\/image\\\/\",\"url\":\"https:\\\/\\\/westerncounties.ca\\\/wp-content\\\/uploads\\\/2022\\\/01\\\/WCRL_2021Logo_Stacked_Colour.jpg\",\"contentUrl\":\"https:\\\/\\\/westerncounties.ca\\\/wp-content\\\/uploads\\\/2022\\\/01\\\/WCRL_2021Logo_Stacked_Colour.jpg\",\"width\":1271,\"height\":1046,\"caption\":\"Western Counties Regional Library\"},\"image\":{\"@id\":\"https:\\\/\\\/westerncounties.ca\\\/#\\\/schema\\\/logo\\\/image\\\/\"},\"sameAs\":[\"https:\\\/\\\/www.facebook.com\\\/westerncounties\\\/\",\"https:\\\/\\\/x.com\\\/wcrlibrary\",\"https:\\\/\\\/www.pinterest.com\\\/WCRL\\\/\",\"https:\\\/\\\/www.youtube.com\\\/irwhite62\"]}]}<\/script>\n<!-- \/ Yoast SEO plugin. -->","yoast_head_json":{"title":"Gifts and Donations - Western Counties Regional Library","robots":{"index":"index","follow":"follow","max-snippet":"max-snippet:-1","max-image-preview":"max-image-preview:large","max-video-preview":"max-video-preview:-1"},"canonical":"https:\/\/westerncounties.ca\/fr\/policy-gifts-and-donations\/","og_locale":"fr_CA","og_type":"article","og_title":"Gifts and Donations - Western Counties Regional Library","og_description":"Overview In Nova Scotia, libraries are required to raise 3% of their operating budget. Voluntary contributions help ensure Western Counties Regional Library\u2019s long-term financial stability. Donations can include outright gifts of cash, pledges, bequests, gifts of life insurance and such other gift arrangements as the trustees may from time to time approve. Western Counties Regional [&hellip;]","og_url":"https:\/\/westerncounties.ca\/fr\/policy-gifts-and-donations\/","og_site_name":"Western Counties Regional Library","article_publisher":"https:\/\/www.facebook.com\/westerncounties\/","article_modified_time":"2026-01-12T18:17:31+00:00","twitter_card":"summary_large_image","twitter_site":"@wcrlibrary","schema":{"@context":"https:\/\/schema.org","@graph":[{"@type":"WebPage","@id":"https:\/\/westerncounties.ca\/policy-gifts-and-donations\/","url":"https:\/\/westerncounties.ca\/policy-gifts-and-donations\/","name":"Gifts and Donations - Western Counties Regional Library","isPartOf":{"@id":"https:\/\/westerncounties.ca\/#website"},"datePublished":"2023-10-19T13:59:17+00:00","dateModified":"2026-01-12T18:17:31+00:00","breadcrumb":{"@id":"https:\/\/westerncounties.ca\/policy-gifts-and-donations\/#breadcrumb"},"inLanguage":"fr-CA","potentialAction":[{"@type":"ReadAction","target":["https:\/\/westerncounties.ca\/policy-gifts-and-donations\/"]}]},{"@type":"BreadcrumbList","@id":"https:\/\/westerncounties.ca\/policy-gifts-and-donations\/#breadcrumb","itemListElement":[{"@type":"ListItem","position":1,"name":"Home","item":"https:\/\/westerncounties.ca\/"},{"@type":"ListItem","position":2,"name":"Gifts and Donations"}]},{"@type":"WebSite","@id":"https:\/\/westerncounties.ca\/#website","url":"https:\/\/westerncounties.ca\/","name":"Western Counties Regional Library","description":"","publisher":{"@id":"https:\/\/westerncounties.ca\/#organization"},"potentialAction":[{"@type":"SearchAction","target":{"@type":"EntryPoint","urlTemplate":"https:\/\/westerncounties.ca\/?s={search_term_string}"},"query-input":{"@type":"PropertyValueSpecification","valueRequired":true,"valueName":"search_term_string"}}],"inLanguage":"fr-CA"},{"@type":"Organization","@id":"https:\/\/westerncounties.ca\/#organization","name":"Western Counties Regional Library","url":"https:\/\/westerncounties.ca\/","logo":{"@type":"ImageObject","inLanguage":"fr-CA","@id":"https:\/\/westerncounties.ca\/#\/schema\/logo\/image\/","url":"https:\/\/westerncounties.ca\/wp-content\/uploads\/2022\/01\/WCRL_2021Logo_Stacked_Colour.jpg","contentUrl":"https:\/\/westerncounties.ca\/wp-content\/uploads\/2022\/01\/WCRL_2021Logo_Stacked_Colour.jpg","width":1271,"height":1046,"caption":"Western Counties Regional Library"},"image":{"@id":"https:\/\/westerncounties.ca\/#\/schema\/logo\/image\/"},"sameAs":["https:\/\/www.facebook.com\/westerncounties\/","https:\/\/x.com\/wcrlibrary","https:\/\/www.pinterest.com\/WCRL\/","https:\/\/www.youtube.com\/irwhite62"]}]}},"publishpress_future_workflow_manual_trigger":{"enabledWorkflows":[]},"_links":{"self":[{"href":"https:\/\/westerncounties.ca\/fr\/wp-json\/wp\/v2\/pages\/7524","targetHints":{"allow":["GET"]}}],"collection":[{"href":"https:\/\/westerncounties.ca\/fr\/wp-json\/wp\/v2\/pages"}],"about":[{"href":"https:\/\/westerncounties.ca\/fr\/wp-json\/wp\/v2\/types\/page"}],"author":[{"embeddable":true,"href":"https:\/\/westerncounties.ca\/fr\/wp-json\/wp\/v2\/users\/3"}],"replies":[{"embeddable":true,"href":"https:\/\/westerncounties.ca\/fr\/wp-json\/wp\/v2\/comments?post=7524"}],"version-history":[{"count":4,"href":"https:\/\/westerncounties.ca\/fr\/wp-json\/wp\/v2\/pages\/7524\/revisions"}],"predecessor-version":[{"id":11225,"href":"https:\/\/westerncounties.ca\/fr\/wp-json\/wp\/v2\/pages\/7524\/revisions\/11225"}],"wp:attachment":[{"href":"https:\/\/westerncounties.ca\/fr\/wp-json\/wp\/v2\/media?parent=7524"}],"curies":[{"name":"wp","href":"https:\/\/api.w.org\/{rel}","templated":true}]}}