{"id":7519,"date":"2023-10-19T10:25:04","date_gmt":"2023-10-19T13:25:04","guid":{"rendered":"https:\/\/westerncounties.ca\/?page_id=7519"},"modified":"2023-10-19T10:25:05","modified_gmt":"2023-10-19T13:25:05","slug":"programming-policy","status":"publish","type":"page","link":"https:\/\/westerncounties.ca\/fr\/programming-policy\/","title":{"rendered":"Politique de programmation"},"content":{"rendered":"<p>La Western Counties Regional Library (WCRL) s\u2019engage \u00e0 offrir des programmes inclusifs, communautaires et de grande qualit\u00e9 qui enrichissent la vie des gens. La pr\u00e9sente politique porte sur l\u2019\u00e9laboration et la prestation de tous les programmes de la biblioth\u00e8que, y compris les programmes offerts en partenariat ainsi que les programmes virtuels, internes et de sensibilisation.<\/p>\n\n\n\n<p><strong>Crit\u00e8res<\/strong><\/p>\n\n\n\n<p>Nous nous engageons \u00e0 offrir des programmes qui satisfont aux besoins de notre communaut\u00e9 et qui cadrent avec notre \u00e9nonc\u00e9 de mission, notre \u00e9nonc\u00e9 de valeurs et nos services de base. Nous visons \u00e0 cr\u00e9er un environnement o\u00f9 tous les membres de la communaut\u00e9 se sentent \u00e0 leur place et sont trait\u00e9s avec respect et dignit\u00e9, sans aucune forme de discrimination.<\/p>\n\n\n\n<p>La WCRL \u00e9labore et offre des programmes qui :<\/p>\n\n\n\n<ul class=\"wp-block-list\">\n<li>refl\u00e8tent ses communaut\u00e9s;<\/li>\n\n\n\n<li>sont disponibles en fran\u00e7ais et en anglais;<\/li>\n\n\n\n<li>encouragent la lecture, la litt\u00e9ratie, l\u2019apprentissage continu et le d\u00e9veloppement de  nouvelles comp\u00e9tences;<\/li>\n\n\n\n<li>reconnaissent les diverses cultures qui composent l\u2019ensemble de la communaut\u00e9;<\/li>\n\n\n\n<li>sont inclusifs et accessibles;<\/li>\n\n\n\n<li>favorisent les liens sociaux;<\/li>\n\n\n\n<li>s\u2019efforcent d\u2019attirer de nouveaux utilisateurs de la biblioth\u00e8que et de pr\u00e9senter la richesse des services de la biblioth\u00e8que destin\u00e9s aux membres de la communaut\u00e9;<\/li>\n\n\n\n<li>respectent le principe de la libert\u00e9 intellectuelle et appuient les droits des individus \u00e0 exprimer leurs points de vue diff\u00e9rents sur n\u2019importe quel sujet, pourvu qu\u2019ils ne contreviennent pas au Code criminel du Canada ni \u00e0 la loi sur les droits de la personne de la Nouvelle-\u00c9cosse.<\/li>\n<\/ul>\n\n\n\n<p><strong>Programmes<\/strong><\/p>\n\n\n\n<p>Nos programmes adoptent les principes de diversit\u00e9, d\u2019accessibilit\u00e9, d\u2019\u00e9quit\u00e9 et d\u2019inclusion afin que tous les membres de la communaut\u00e9 soient accueillis et puissent y participer.<\/p>\n\n\n\n<p>Nos programmes peuvent couvrir une vari\u00e9t\u00e9 de sujets et d\u2019id\u00e9es d\u2019int\u00e9r\u00eat actuel et d\u2019importance future possible, y compris des sujets et des id\u00e9es qui refl\u00e8tent les conditions, les tendances et les controverses actuelles. Nous d\u00e9terminons les besoins et les int\u00e9r\u00eats de la communaut\u00e9 en recueillant des commentaires et en examinant des suggestions de programmes et d\u2019\u00e9v\u00e9nements. Des commentaires et suggestions relatifs \u00e0 nos programmes actuels et futurs sont les bienvenus. &nbsp;<\/p>\n\n\n\n<p>Le contenu peut \u00eatre d\u00e9velopp\u00e9 et pr\u00e9sent\u00e9 par le personnel de la WCRL ou par des experts ext\u00e9rieurs, y compris des auteurs et des illustrateurs, des artistes, des agences, des professionnels et des membres de la communaut\u00e9 ayant une expertise li\u00e9e au sujet du programme. Les partenaires et les pr\u00e9sentateurs peuvent faire part de leur affiliation commerciale ou professionnelle, mais ne peuvent pas vendre ou promouvoir leurs produits ou leurs services payants. Les auteurs invit\u00e9s \u00e0 lire de leurs oeuvres sont exempt\u00e9s et peuvent vendre leurs livres lors de l\u2019\u00e9v\u00e9nement. Les ventes de livres doivent \u00eatre coordonn\u00e9es par l\u2019auteur et approuv\u00e9es par la biblioth\u00e8que \u00e0 l\u2019avance. La biblioth\u00e8que fournira un espace pour la vente de livres, mais l\u2019auteur ou l\u2019\u00e9diteur sera responsable de la gestion des ventes et des transactions.<\/p>\n\n\n\n<p><strong>Partenariats<\/strong><\/p>\n\n\n\n<p>La WCRL peut collaborer avec des organismes \u00e0 but lucratif et sans but lucratif. Les programmes seront \u00e9labor\u00e9s et ex\u00e9cut\u00e9s conform\u00e9ment \u00e0 toutes les politiques applicables de la biblioth\u00e8que.<\/p>\n\n\n\n<p>Les programmes offerts par les partenaires seront gratuits et ouverts et accessibles \u00e0 tous les membres de la communaut\u00e9. Les programmes seront offerts aux heures et aux lieux les plus pratiques et qui encouragent la participation du public cible. Les personnes ou organismes qui souhaitent pr\u00e9senter un programme de biblioth\u00e8que ou collaborer avec nous peuvent exprimer leur int\u00e9r\u00eat en remplissant et soumettant le formulaire de proposition de programme. G\u00e9n\u00e9ralement, la WCRL ne r\u00e9mun\u00e8re pas les partenaires et les pr\u00e9sentateurs. Nous d\u00e9terminerons si nous couvrirons le co\u00fbt du mat\u00e9riel li\u00e9 au programme au cas par cas.<\/p>\n\n\n\n<p><strong>Avertissements<\/strong><strong><u><\/u><\/strong><\/p>\n\n\n\n<p>Pour assurer une exp\u00e9rience de qualit\u00e9 aux personnes participantes, la WCRL se r\u00e9serve le droit :<\/p>\n\n\n\n<ul class=\"wp-block-list\">\n<li>de limiter la participation au programme en fonction de consid\u00e9rations comme l\u2019espace et l\u2019exp\u00e9rience des participants;<\/li>\n\n\n\n<li>d\u2019\u00e9tablir une limite d\u2019\u00e2ge et la taille du groupe pour optimiser l\u2019activit\u00e9 ou l\u2019instruction;<\/li>\n\n\n\n<li>de d\u00e9terminer si un programme est viable ou faisable d\u2019un point de vue financier, en fonction des commentaires des membres de la communaut\u00e9, de l\u2019int\u00e9r\u00eat \u00e9ventuel et d\u2019autres facteurs;<\/li>\n\n\n\n<li>d\u2019annuler ou d\u2019arr\u00eater un programme qui, selon l\u2019avis de la biblioth\u00e8que, est pr\u00e9sent\u00e9 de mani\u00e8re inexacte par le fournisseur du programme, n\u2019assure pas la dignit\u00e9 et la s\u00e9curit\u00e9 du public ou du personnel de la biblioth\u00e8que, met en danger les biens ou l\u2019espace de la biblioth\u00e8que ou ne respecte pas les politiques de la biblioth\u00e8que;<\/li>\n\n\n\n<li>d\u2019examiner r\u00e9guli\u00e8rement les programmes qu\u2019elle offre et d\u2019apporter des changements en fonction de l\u2019\u00e9nonc\u00e9 de mission, de l\u2019\u00e9nonc\u00e9 de valeurs et des services de base de la biblioth\u00e8que ainsi que de la demande et de l\u2019int\u00e9r\u00eat de la communaut\u00e9.<\/li>\n<\/ul>\n\n\n\n<p>Si une proposition de programme est approuv\u00e9e, cela ne garantit pas que la personne ou l\u2019organisation sera invit\u00e9e \u00e0 offrir le programme de nouveau ou que ses propositions futures seront approuv\u00e9es.<\/p>\n\n\n\n<p>Si un programme est annul\u00e9, la biblioth\u00e8que fera tout son possible pour en informer le public dans les meilleurs d\u00e9lais.<\/p>","protected":false},"excerpt":{"rendered":"<p>Western Counties Regional Library (WCRL) is committed to providing high quality; inclusive, community-based programming that enriches peoples\u2019 lives. This policy addresses the development and delivery of all library-led programs including partnerships, virtual, in-house, and outreach programs. Criteria: We commit to provide programs that meet the needs of our community and align with our mission statement, [&hellip;]<\/p>\n","protected":false},"author":3,"featured_media":0,"parent":0,"menu_order":0,"comment_status":"closed","ping_status":"closed","template":"","meta":{"_acf_changed":false,"_et_pb_use_builder":"off","_et_pb_old_content":"","_et_gb_content_width":"","inline_featured_image":false,"footnotes":""},"class_list":["post-7519","page","type-page","status-publish","hentry"],"acf":[],"yoast_head":"<!-- This site is optimized with the Yoast SEO plugin v27.3 - https:\/\/yoast.com\/product\/yoast-seo-wordpress\/ -->\n<title>Programming Policy - Western Counties Regional Library<\/title>\n<meta name=\"robots\" content=\"index, follow, max-snippet:-1, max-image-preview:large, max-video-preview:-1\" \/>\n<link rel=\"canonical\" href=\"https:\/\/westerncounties.ca\/fr\/programming-policy\/\" \/>\n<meta property=\"og:locale\" content=\"fr_CA\" \/>\n<meta property=\"og:type\" content=\"article\" \/>\n<meta property=\"og:title\" content=\"Programming Policy - Western Counties Regional Library\" \/>\n<meta property=\"og:description\" content=\"Western Counties Regional Library (WCRL) is committed to providing high quality; inclusive, community-based programming that enriches peoples\u2019 lives. This policy addresses the development and delivery of all library-led programs including partnerships, virtual, in-house, and outreach programs. Criteria: We commit to provide programs that meet the needs of our community and align with our mission statement, [&hellip;]\" \/>\n<meta property=\"og:url\" content=\"https:\/\/westerncounties.ca\/fr\/programming-policy\/\" \/>\n<meta property=\"og:site_name\" content=\"Western Counties Regional Library\" \/>\n<meta property=\"article:publisher\" content=\"https:\/\/www.facebook.com\/westerncounties\/\" \/>\n<meta property=\"article:modified_time\" content=\"2023-10-19T13:25:05+00:00\" \/>\n<meta name=\"twitter:card\" content=\"summary_large_image\" \/>\n<meta name=\"twitter:site\" content=\"@wcrlibrary\" \/>\n<script type=\"application\/ld+json\" class=\"yoast-schema-graph\">{\"@context\":\"https:\\\/\\\/schema.org\",\"@graph\":[{\"@type\":\"WebPage\",\"@id\":\"https:\\\/\\\/westerncounties.ca\\\/programming-policy\\\/\",\"url\":\"https:\\\/\\\/westerncounties.ca\\\/programming-policy\\\/\",\"name\":\"Programming Policy - Western Counties Regional Library\",\"isPartOf\":{\"@id\":\"https:\\\/\\\/westerncounties.ca\\\/#website\"},\"datePublished\":\"2023-10-19T13:25:04+00:00\",\"dateModified\":\"2023-10-19T13:25:05+00:00\",\"breadcrumb\":{\"@id\":\"https:\\\/\\\/westerncounties.ca\\\/programming-policy\\\/#breadcrumb\"},\"inLanguage\":\"fr-CA\",\"potentialAction\":[{\"@type\":\"ReadAction\",\"target\":[\"https:\\\/\\\/westerncounties.ca\\\/programming-policy\\\/\"]}]},{\"@type\":\"BreadcrumbList\",\"@id\":\"https:\\\/\\\/westerncounties.ca\\\/programming-policy\\\/#breadcrumb\",\"itemListElement\":[{\"@type\":\"ListItem\",\"position\":1,\"name\":\"Home\",\"item\":\"https:\\\/\\\/westerncounties.ca\\\/\"},{\"@type\":\"ListItem\",\"position\":2,\"name\":\"Programming Policy\"}]},{\"@type\":\"WebSite\",\"@id\":\"https:\\\/\\\/westerncounties.ca\\\/#website\",\"url\":\"https:\\\/\\\/westerncounties.ca\\\/\",\"name\":\"Western Counties Regional Library\",\"description\":\"\",\"publisher\":{\"@id\":\"https:\\\/\\\/westerncounties.ca\\\/#organization\"},\"potentialAction\":[{\"@type\":\"SearchAction\",\"target\":{\"@type\":\"EntryPoint\",\"urlTemplate\":\"https:\\\/\\\/westerncounties.ca\\\/?s={search_term_string}\"},\"query-input\":{\"@type\":\"PropertyValueSpecification\",\"valueRequired\":true,\"valueName\":\"search_term_string\"}}],\"inLanguage\":\"fr-CA\"},{\"@type\":\"Organization\",\"@id\":\"https:\\\/\\\/westerncounties.ca\\\/#organization\",\"name\":\"Western Counties Regional Library\",\"url\":\"https:\\\/\\\/westerncounties.ca\\\/\",\"logo\":{\"@type\":\"ImageObject\",\"inLanguage\":\"fr-CA\",\"@id\":\"https:\\\/\\\/westerncounties.ca\\\/#\\\/schema\\\/logo\\\/image\\\/\",\"url\":\"https:\\\/\\\/westerncounties.ca\\\/wp-content\\\/uploads\\\/2022\\\/01\\\/WCRL_2021Logo_Stacked_Colour.jpg\",\"contentUrl\":\"https:\\\/\\\/westerncounties.ca\\\/wp-content\\\/uploads\\\/2022\\\/01\\\/WCRL_2021Logo_Stacked_Colour.jpg\",\"width\":1271,\"height\":1046,\"caption\":\"Western Counties Regional Library\"},\"image\":{\"@id\":\"https:\\\/\\\/westerncounties.ca\\\/#\\\/schema\\\/logo\\\/image\\\/\"},\"sameAs\":[\"https:\\\/\\\/www.facebook.com\\\/westerncounties\\\/\",\"https:\\\/\\\/x.com\\\/wcrlibrary\",\"https:\\\/\\\/www.pinterest.com\\\/WCRL\\\/\",\"https:\\\/\\\/www.youtube.com\\\/irwhite62\"]}]}<\/script>\n<!-- \/ Yoast SEO plugin. -->","yoast_head_json":{"title":"Programming Policy - Western Counties Regional Library","robots":{"index":"index","follow":"follow","max-snippet":"max-snippet:-1","max-image-preview":"max-image-preview:large","max-video-preview":"max-video-preview:-1"},"canonical":"https:\/\/westerncounties.ca\/fr\/programming-policy\/","og_locale":"fr_CA","og_type":"article","og_title":"Programming Policy - Western Counties Regional Library","og_description":"Western Counties Regional Library (WCRL) is committed to providing high quality; inclusive, community-based programming that enriches peoples\u2019 lives. This policy addresses the development and delivery of all library-led programs including partnerships, virtual, in-house, and outreach programs. Criteria: We commit to provide programs that meet the needs of our community and align with our mission statement, [&hellip;]","og_url":"https:\/\/westerncounties.ca\/fr\/programming-policy\/","og_site_name":"Western Counties Regional Library","article_publisher":"https:\/\/www.facebook.com\/westerncounties\/","article_modified_time":"2023-10-19T13:25:05+00:00","twitter_card":"summary_large_image","twitter_site":"@wcrlibrary","schema":{"@context":"https:\/\/schema.org","@graph":[{"@type":"WebPage","@id":"https:\/\/westerncounties.ca\/programming-policy\/","url":"https:\/\/westerncounties.ca\/programming-policy\/","name":"Programming Policy - Western Counties Regional Library","isPartOf":{"@id":"https:\/\/westerncounties.ca\/#website"},"datePublished":"2023-10-19T13:25:04+00:00","dateModified":"2023-10-19T13:25:05+00:00","breadcrumb":{"@id":"https:\/\/westerncounties.ca\/programming-policy\/#breadcrumb"},"inLanguage":"fr-CA","potentialAction":[{"@type":"ReadAction","target":["https:\/\/westerncounties.ca\/programming-policy\/"]}]},{"@type":"BreadcrumbList","@id":"https:\/\/westerncounties.ca\/programming-policy\/#breadcrumb","itemListElement":[{"@type":"ListItem","position":1,"name":"Home","item":"https:\/\/westerncounties.ca\/"},{"@type":"ListItem","position":2,"name":"Programming Policy"}]},{"@type":"WebSite","@id":"https:\/\/westerncounties.ca\/#website","url":"https:\/\/westerncounties.ca\/","name":"Western Counties Regional Library","description":"","publisher":{"@id":"https:\/\/westerncounties.ca\/#organization"},"potentialAction":[{"@type":"SearchAction","target":{"@type":"EntryPoint","urlTemplate":"https:\/\/westerncounties.ca\/?s={search_term_string}"},"query-input":{"@type":"PropertyValueSpecification","valueRequired":true,"valueName":"search_term_string"}}],"inLanguage":"fr-CA"},{"@type":"Organization","@id":"https:\/\/westerncounties.ca\/#organization","name":"Western Counties Regional Library","url":"https:\/\/westerncounties.ca\/","logo":{"@type":"ImageObject","inLanguage":"fr-CA","@id":"https:\/\/westerncounties.ca\/#\/schema\/logo\/image\/","url":"https:\/\/westerncounties.ca\/wp-content\/uploads\/2022\/01\/WCRL_2021Logo_Stacked_Colour.jpg","contentUrl":"https:\/\/westerncounties.ca\/wp-content\/uploads\/2022\/01\/WCRL_2021Logo_Stacked_Colour.jpg","width":1271,"height":1046,"caption":"Western Counties Regional Library"},"image":{"@id":"https:\/\/westerncounties.ca\/#\/schema\/logo\/image\/"},"sameAs":["https:\/\/www.facebook.com\/westerncounties\/","https:\/\/x.com\/wcrlibrary","https:\/\/www.pinterest.com\/WCRL\/","https:\/\/www.youtube.com\/irwhite62"]}]}},"publishpress_future_workflow_manual_trigger":{"enabledWorkflows":[]},"_links":{"self":[{"href":"https:\/\/westerncounties.ca\/fr\/wp-json\/wp\/v2\/pages\/7519","targetHints":{"allow":["GET"]}}],"collection":[{"href":"https:\/\/westerncounties.ca\/fr\/wp-json\/wp\/v2\/pages"}],"about":[{"href":"https:\/\/westerncounties.ca\/fr\/wp-json\/wp\/v2\/types\/page"}],"author":[{"embeddable":true,"href":"https:\/\/westerncounties.ca\/fr\/wp-json\/wp\/v2\/users\/3"}],"replies":[{"embeddable":true,"href":"https:\/\/westerncounties.ca\/fr\/wp-json\/wp\/v2\/comments?post=7519"}],"version-history":[{"count":1,"href":"https:\/\/westerncounties.ca\/fr\/wp-json\/wp\/v2\/pages\/7519\/revisions"}],"predecessor-version":[{"id":7521,"href":"https:\/\/westerncounties.ca\/fr\/wp-json\/wp\/v2\/pages\/7519\/revisions\/7521"}],"wp:attachment":[{"href":"https:\/\/westerncounties.ca\/fr\/wp-json\/wp\/v2\/media?parent=7519"}],"curies":[{"name":"wp","href":"https:\/\/api.w.org\/{rel}","templated":true}]}}