{"id":7513,"date":"2023-10-19T10:01:31","date_gmt":"2023-10-19T13:01:31","guid":{"rendered":"https:\/\/westerncounties.ca\/?page_id=7513"},"modified":"2023-10-19T10:06:17","modified_gmt":"2023-10-19T13:06:17","slug":"policy-friends-of-the-library","status":"publish","type":"page","link":"https:\/\/westerncounties.ca\/fr\/policy-friends-of-the-library\/","title":{"rendered":"Amis de la biblioth\u00e8que"},"content":{"rendered":"<p>Le conseil de la Western Counties Regional Library encourage l\u2019\u00e9tablissement de groupes d\u2019Amis de la biblioth\u00e8que dans ses communaut\u00e9s constituantes.<\/p>\n\n\n\n<p>Dans certaines communaut\u00e9s de la r\u00e9gion, des groupes de soutien existent d\u00e9j\u00e0 pour les succursales de la biblioth\u00e8que, surtout dans le but d\u2019entretenir les installations. Ces groupes peuvent choisir de continuer d\u2019assumer leur r\u00f4le actuel, ou d\u2019\u00e9largir leur mandat pour qu\u2019il comprenne des activit\u00e9s des Amis de la biblioth\u00e8que.<\/p>\n\n\n\n<p><strong>D\u00e9finition et structure<\/strong><\/p>\n\n\n\n<p>Un groupe d\u2019Amis de la biblioth\u00e8que est un organisme b\u00e9n\u00e9vole formel compos\u00e9 de membres de la communaut\u00e9 qui travaillent en \u00e9troite collaboration avec le personnel de la biblioth\u00e8que pour appuyer les activit\u00e9s qui se d\u00e9roulent \u00e0 leur succursale. Toutes les activit\u00e9s des Amis de la biblioth\u00e8que doivent \u00eatre r\u00e9alis\u00e9es conform\u00e9ment au protocole d\u2019entente entre la Western Counties Regional Library et les Amis de la biblioth\u00e8que.<\/p>\n\n\n\n<p>Normalement, chaque groupe individuel d\u00e9cide de ses propres structure et r\u00e8glements. <\/p>\n\n\n\n<p>Voici des r\u00f4les possibles pour les groupes d\u2019Amis de la biblioth\u00e8que :<\/p>\n\n\n\n<ul class=\"wp-block-list\">\n<li>Recueillir des fonds pour soutenir les buts, les activit\u00e9s et la collection de la biblioth\u00e8que.<\/li>\n\n\n\n<li>Faire du b\u00e9n\u00e9volat \u00e0 la biblioth\u00e8que, conform\u00e9ment \u00e0 la politique de b\u00e9n\u00e9volat de la biblioth\u00e8que.<\/li>\n<\/ul>\n\n\n\n<p><strong>R\u00f4les et responsabilit\u00e9s<\/strong><\/p>\n\n\n\n<p>Le conseil de la biblioth\u00e8que r\u00e9gionale, les Amis de la biblioth\u00e8que et le personnel de la biblioth\u00e8que ont tous des r\u00f4les importants et distincts \u00e0 jouer dans la r\u00e9alisation des buts et des objectifs de la biblioth\u00e8que.<\/p>\n\n\n\n<p>Le conseil de la Western Counties Regional Library a la responsabilit\u00e9 l\u00e9gale et financi\u00e8re de gouverner la biblioth\u00e8que. Il \u00e9tablit les politiques concernant le personnel, les finances et les services de la biblioth\u00e8que, et veille \u00e0 l\u2019application de ces politiques. Le conseil fixe les buts de la biblioth\u00e8que et \u00e9labore des plans pour les atteindre. Il joue aussi un r\u00f4le central dans la d\u00e9fense des biblioth\u00e8ques.<\/p>\n\n\n\n<p>Le personnel de la biblioth\u00e8que est embauch\u00e9 pour appliquer les lignes directrices et les politiques du conseil de la biblioth\u00e8que et pour offrir un service direct au public.<\/p>\n\n\n\n<p>Les Amis de la biblioth\u00e8que appuient les buts de la biblioth\u00e8que au moyen d\u2019activit\u00e9s comme les collectes de fonds et le b\u00e9n\u00e9volat. Les activit\u00e9s des Amis de la biblioth\u00e8que doivent \u00eatre conformes aux buts et aux politiques du conseil et au protocole d\u2019entente entre la Western Counties Regional Library et les Amis de la biblioth\u00e8que, et ils doivent respecter les propri\u00e9taires et les groupes de soutien de la succursale de la biblioth\u00e8que en question.<\/p>\n\n\n\n<p>Il est important que les Amis de la biblioth\u00e8que et le personnel de la biblioth\u00e8que communiquent r\u00e9guli\u00e8rement pour que tout le monde soit au courant des plans et des activit\u00e9s. Le conseil et la direction de la biblioth\u00e8que encouragent les Amis de la biblioth\u00e8que \u00e0 soumettre des suggestions.<\/p>","protected":false},"excerpt":{"rendered":"<p>Western Counties Regional Library Board encourages the establishment of Friends of the Library groups in its constituent communities. In some communities within the region, support groups for branch libraries already exist, primarily for the purpose of maintaining facilities. These groups may choose either to continue their present role or to expand their mandates to include [&hellip;]<\/p>\n","protected":false},"author":3,"featured_media":0,"parent":0,"menu_order":0,"comment_status":"closed","ping_status":"closed","template":"","meta":{"_acf_changed":false,"_et_pb_use_builder":"off","_et_pb_old_content":"","_et_gb_content_width":"","inline_featured_image":false,"footnotes":""},"class_list":["post-7513","page","type-page","status-publish","hentry"],"acf":[],"yoast_head":"<!-- This site is optimized with the Yoast SEO plugin v27.3 - https:\/\/yoast.com\/product\/yoast-seo-wordpress\/ -->\n<title>Friends of the Library - Western Counties Regional Library<\/title>\n<meta name=\"robots\" content=\"index, follow, max-snippet:-1, max-image-preview:large, max-video-preview:-1\" \/>\n<link rel=\"canonical\" href=\"https:\/\/westerncounties.ca\/fr\/policy-friends-of-the-library\/\" \/>\n<meta property=\"og:locale\" content=\"fr_CA\" \/>\n<meta property=\"og:type\" content=\"article\" \/>\n<meta property=\"og:title\" content=\"Friends of the Library - Western Counties Regional Library\" \/>\n<meta property=\"og:description\" content=\"Western Counties Regional Library Board encourages the establishment of Friends of the Library groups in its constituent communities. In some communities within the region, support groups for branch libraries already exist, primarily for the purpose of maintaining facilities. These groups may choose either to continue their present role or to expand their mandates to include [&hellip;]\" \/>\n<meta property=\"og:url\" content=\"https:\/\/westerncounties.ca\/fr\/policy-friends-of-the-library\/\" \/>\n<meta property=\"og:site_name\" content=\"Western Counties Regional Library\" \/>\n<meta property=\"article:publisher\" content=\"https:\/\/www.facebook.com\/westerncounties\/\" \/>\n<meta property=\"article:modified_time\" content=\"2023-10-19T13:06:17+00:00\" \/>\n<meta name=\"twitter:card\" content=\"summary_large_image\" \/>\n<meta name=\"twitter:site\" content=\"@wcrlibrary\" \/>\n<script type=\"application\/ld+json\" class=\"yoast-schema-graph\">{\"@context\":\"https:\\\/\\\/schema.org\",\"@graph\":[{\"@type\":\"WebPage\",\"@id\":\"https:\\\/\\\/westerncounties.ca\\\/policy-friends-of-the-library\\\/\",\"url\":\"https:\\\/\\\/westerncounties.ca\\\/policy-friends-of-the-library\\\/\",\"name\":\"Friends of the Library - Western Counties Regional Library\",\"isPartOf\":{\"@id\":\"https:\\\/\\\/westerncounties.ca\\\/#website\"},\"datePublished\":\"2023-10-19T13:01:31+00:00\",\"dateModified\":\"2023-10-19T13:06:17+00:00\",\"breadcrumb\":{\"@id\":\"https:\\\/\\\/westerncounties.ca\\\/policy-friends-of-the-library\\\/#breadcrumb\"},\"inLanguage\":\"fr-CA\",\"potentialAction\":[{\"@type\":\"ReadAction\",\"target\":[\"https:\\\/\\\/westerncounties.ca\\\/policy-friends-of-the-library\\\/\"]}]},{\"@type\":\"BreadcrumbList\",\"@id\":\"https:\\\/\\\/westerncounties.ca\\\/policy-friends-of-the-library\\\/#breadcrumb\",\"itemListElement\":[{\"@type\":\"ListItem\",\"position\":1,\"name\":\"Home\",\"item\":\"https:\\\/\\\/westerncounties.ca\\\/\"},{\"@type\":\"ListItem\",\"position\":2,\"name\":\"Friends of the Library\"}]},{\"@type\":\"WebSite\",\"@id\":\"https:\\\/\\\/westerncounties.ca\\\/#website\",\"url\":\"https:\\\/\\\/westerncounties.ca\\\/\",\"name\":\"Western Counties Regional Library\",\"description\":\"\",\"publisher\":{\"@id\":\"https:\\\/\\\/westerncounties.ca\\\/#organization\"},\"potentialAction\":[{\"@type\":\"SearchAction\",\"target\":{\"@type\":\"EntryPoint\",\"urlTemplate\":\"https:\\\/\\\/westerncounties.ca\\\/?s={search_term_string}\"},\"query-input\":{\"@type\":\"PropertyValueSpecification\",\"valueRequired\":true,\"valueName\":\"search_term_string\"}}],\"inLanguage\":\"fr-CA\"},{\"@type\":\"Organization\",\"@id\":\"https:\\\/\\\/westerncounties.ca\\\/#organization\",\"name\":\"Western Counties Regional Library\",\"url\":\"https:\\\/\\\/westerncounties.ca\\\/\",\"logo\":{\"@type\":\"ImageObject\",\"inLanguage\":\"fr-CA\",\"@id\":\"https:\\\/\\\/westerncounties.ca\\\/#\\\/schema\\\/logo\\\/image\\\/\",\"url\":\"https:\\\/\\\/westerncounties.ca\\\/wp-content\\\/uploads\\\/2022\\\/01\\\/WCRL_2021Logo_Stacked_Colour.jpg\",\"contentUrl\":\"https:\\\/\\\/westerncounties.ca\\\/wp-content\\\/uploads\\\/2022\\\/01\\\/WCRL_2021Logo_Stacked_Colour.jpg\",\"width\":1271,\"height\":1046,\"caption\":\"Western Counties Regional Library\"},\"image\":{\"@id\":\"https:\\\/\\\/westerncounties.ca\\\/#\\\/schema\\\/logo\\\/image\\\/\"},\"sameAs\":[\"https:\\\/\\\/www.facebook.com\\\/westerncounties\\\/\",\"https:\\\/\\\/x.com\\\/wcrlibrary\",\"https:\\\/\\\/www.pinterest.com\\\/WCRL\\\/\",\"https:\\\/\\\/www.youtube.com\\\/irwhite62\"]}]}<\/script>\n<!-- \/ Yoast SEO plugin. -->","yoast_head_json":{"title":"Friends of the Library - Western Counties Regional Library","robots":{"index":"index","follow":"follow","max-snippet":"max-snippet:-1","max-image-preview":"max-image-preview:large","max-video-preview":"max-video-preview:-1"},"canonical":"https:\/\/westerncounties.ca\/fr\/policy-friends-of-the-library\/","og_locale":"fr_CA","og_type":"article","og_title":"Friends of the Library - Western Counties Regional Library","og_description":"Western Counties Regional Library Board encourages the establishment of Friends of the Library groups in its constituent communities. In some communities within the region, support groups for branch libraries already exist, primarily for the purpose of maintaining facilities. These groups may choose either to continue their present role or to expand their mandates to include [&hellip;]","og_url":"https:\/\/westerncounties.ca\/fr\/policy-friends-of-the-library\/","og_site_name":"Western Counties Regional Library","article_publisher":"https:\/\/www.facebook.com\/westerncounties\/","article_modified_time":"2023-10-19T13:06:17+00:00","twitter_card":"summary_large_image","twitter_site":"@wcrlibrary","schema":{"@context":"https:\/\/schema.org","@graph":[{"@type":"WebPage","@id":"https:\/\/westerncounties.ca\/policy-friends-of-the-library\/","url":"https:\/\/westerncounties.ca\/policy-friends-of-the-library\/","name":"Friends of the Library - Western Counties Regional Library","isPartOf":{"@id":"https:\/\/westerncounties.ca\/#website"},"datePublished":"2023-10-19T13:01:31+00:00","dateModified":"2023-10-19T13:06:17+00:00","breadcrumb":{"@id":"https:\/\/westerncounties.ca\/policy-friends-of-the-library\/#breadcrumb"},"inLanguage":"fr-CA","potentialAction":[{"@type":"ReadAction","target":["https:\/\/westerncounties.ca\/policy-friends-of-the-library\/"]}]},{"@type":"BreadcrumbList","@id":"https:\/\/westerncounties.ca\/policy-friends-of-the-library\/#breadcrumb","itemListElement":[{"@type":"ListItem","position":1,"name":"Home","item":"https:\/\/westerncounties.ca\/"},{"@type":"ListItem","position":2,"name":"Friends of the Library"}]},{"@type":"WebSite","@id":"https:\/\/westerncounties.ca\/#website","url":"https:\/\/westerncounties.ca\/","name":"Western Counties Regional Library","description":"","publisher":{"@id":"https:\/\/westerncounties.ca\/#organization"},"potentialAction":[{"@type":"SearchAction","target":{"@type":"EntryPoint","urlTemplate":"https:\/\/westerncounties.ca\/?s={search_term_string}"},"query-input":{"@type":"PropertyValueSpecification","valueRequired":true,"valueName":"search_term_string"}}],"inLanguage":"fr-CA"},{"@type":"Organization","@id":"https:\/\/westerncounties.ca\/#organization","name":"Western Counties Regional Library","url":"https:\/\/westerncounties.ca\/","logo":{"@type":"ImageObject","inLanguage":"fr-CA","@id":"https:\/\/westerncounties.ca\/#\/schema\/logo\/image\/","url":"https:\/\/westerncounties.ca\/wp-content\/uploads\/2022\/01\/WCRL_2021Logo_Stacked_Colour.jpg","contentUrl":"https:\/\/westerncounties.ca\/wp-content\/uploads\/2022\/01\/WCRL_2021Logo_Stacked_Colour.jpg","width":1271,"height":1046,"caption":"Western Counties Regional Library"},"image":{"@id":"https:\/\/westerncounties.ca\/#\/schema\/logo\/image\/"},"sameAs":["https:\/\/www.facebook.com\/westerncounties\/","https:\/\/x.com\/wcrlibrary","https:\/\/www.pinterest.com\/WCRL\/","https:\/\/www.youtube.com\/irwhite62"]}]}},"publishpress_future_workflow_manual_trigger":{"enabledWorkflows":[]},"_links":{"self":[{"href":"https:\/\/westerncounties.ca\/fr\/wp-json\/wp\/v2\/pages\/7513","targetHints":{"allow":["GET"]}}],"collection":[{"href":"https:\/\/westerncounties.ca\/fr\/wp-json\/wp\/v2\/pages"}],"about":[{"href":"https:\/\/westerncounties.ca\/fr\/wp-json\/wp\/v2\/types\/page"}],"author":[{"embeddable":true,"href":"https:\/\/westerncounties.ca\/fr\/wp-json\/wp\/v2\/users\/3"}],"replies":[{"embeddable":true,"href":"https:\/\/westerncounties.ca\/fr\/wp-json\/wp\/v2\/comments?post=7513"}],"version-history":[{"count":4,"href":"https:\/\/westerncounties.ca\/fr\/wp-json\/wp\/v2\/pages\/7513\/revisions"}],"predecessor-version":[{"id":7518,"href":"https:\/\/westerncounties.ca\/fr\/wp-json\/wp\/v2\/pages\/7513\/revisions\/7518"}],"wp:attachment":[{"href":"https:\/\/westerncounties.ca\/fr\/wp-json\/wp\/v2\/media?parent=7513"}],"curies":[{"name":"wp","href":"https:\/\/api.w.org\/{rel}","templated":true}]}}