{"id":7491,"date":"2023-10-18T15:40:38","date_gmt":"2023-10-18T18:40:38","guid":{"rendered":"https:\/\/westerncounties.ca\/?page_id=7491"},"modified":"2023-10-18T15:40:53","modified_gmt":"2023-10-18T18:40:53","slug":"policy-borrowing-3","status":"publish","type":"page","link":"https:\/\/westerncounties.ca\/fr\/policy-borrowing-3\/","title":{"rendered":"Emprunt"},"content":{"rendered":"<p><strong>a. P\u00e9riode de pr\u00eat<\/strong><strong><\/strong><\/p>\n\n\n\n<p>La plupart des articles de la biblioth\u00e8que sont emprunt\u00e9s pour une p\u00e9riode de pr\u00eat de trois semaines.&nbsp;<\/p>\n\n\n\n<p>Les renouvellements sont accord\u00e9s automatiquement pour la plupart des articles physiques, pourvu qu\u2019aucun autre usager n\u2019attende pour l\u2019article en question. Les articles physiques peuvent \u00eatre renouvel\u00e9s un maximum de trois (3) fois pour une p\u00e9riode de trois (3) semaines \u00e0 chaque fois.<\/p>\n\n\n\n<p>Les usagers du service d\u2019emprunt par courrier ont une p\u00e9riode de pr\u00eat de cinq (5) semaines.<\/p>\n\n\n\n<p>Les membres institutionnels ont une p\u00e9riode de pr\u00eat de huit (8) semaines.<\/p>\n\n\n\n<p><strong>b. Articles perdus ou endommag\u00e9s<\/strong><\/p>\n\n\n\n<p>Les adultes et les parents ou tuteurs l\u00e9gaux des enfants sont responsables des articles emprunt\u00e9s \u00e0 la biblioth\u00e8que, et sont oblig\u00e9s de payer les articles qui sont intentionnellement endommag\u00e9s ou perdus. Le remplacement de l\u2019article perdu n\u2019est pas un paiement acceptable. Si l\u2019article perdu est retrouv\u00e9 apr\u00e8s que le paiement a \u00e9t\u00e9 effectu\u00e9, l\u2019article original peut \u00eatre accept\u00e9 pour un remboursement jusqu\u2019\u00e0 deux ans apr\u00e8s la perte de l\u2019article. Un article endommag\u00e9 peut \u00eatre retourn\u00e9 \u00e0 l\u2019emprunteur \u00e0 sa demande, apr\u00e8s que le livre a \u00e9t\u00e9 retir\u00e9 de l\u2019inventaire.<\/p>\n\n\n\n<p>Tous les frais sont bas\u00e9s sur le co\u00fbt de remplacement actuel de l\u2019article. Si l\u2019article n\u2019est plus disponible, une liste de co\u00fbts fixes est utilis\u00e9e.<\/p>\n\n\n\n<p>Voir : Frais pour les articles perdus ou endommag\u00e9s. Ceux-ci sont les prix standards \u00e0 facturer si le prix r\u00e9el pay\u00e9 pour l\u2019article en question ne se trouve pas dans les donn\u00e9es catalogu\u00e9es.<\/p>\n\n\n\n<p>&nbsp;<strong>c. Politique relative aux articles de biblioth\u00e8que en retard<\/strong><\/p>\n\n\n\n<p>La Western Counties Regional Library n\u2019impose pas de frais pour les articles en retard. Veuillez rendre vos articles \u00e0 temps par courtoisie envers les autres usagers.<\/p>\n\n\n\n<p><strong>d. Politique de pr\u00eat entre biblioth\u00e8ques<\/strong><\/p>\n\n\n\n<p>Le conseil de la Western Counties Regional Library applique les politiques de pr\u00eat entre biblioth\u00e8ques \u00e9tablies par la Nova Scotia Provincial Library et Biblioth\u00e8que et Archives Canada.<\/p>\n\n\n\n<p>Les pr\u00eats entre biblioth\u00e8ques doivent \u00eatre rendus rapidement. Une lettre de retard est envoy\u00e9e \u00e0 l\u2019emprunteur un jour apr\u00e8s la date d\u2019\u00e9ch\u00e9ance de l\u2019article.<\/p>\n\n\n\n<p>Les privil\u00e8ges de pr\u00eat entre biblioth\u00e8ques peuvent \u00eatre refus\u00e9s ou suspendus pour les emprunteurs qui ne respectent pas les r\u00e8gles ou qui ont commis plusieurs infractions.<\/p>\n\n\n\n<p>Les demandes de renouvellement de pr\u00eats entre biblioth\u00e8ques doivent \u00eatre re\u00e7ues au moins une semaine avant la date d\u2019\u00e9ch\u00e9ance de l\u2019article. La d\u00e9cision d\u2019autoriser le renouvellement appartient \u00e0 la biblioth\u00e8que pr\u00eateuse.<\/p>","protected":false},"excerpt":{"rendered":"<p>a. Loan Period Most library materials are signed out for a three-week loan period.&nbsp; Automatic renewals on most physical materials are given provided there is no other patron waiting for that item. Physical materials can be renewed a maximum of three (3) times for a period of three (3) weeks each time. Borrow by Mail [&hellip;]<\/p>\n","protected":false},"author":3,"featured_media":0,"parent":0,"menu_order":0,"comment_status":"closed","ping_status":"closed","template":"","meta":{"_acf_changed":false,"_et_pb_use_builder":"off","_et_pb_old_content":"","_et_gb_content_width":"","inline_featured_image":false,"footnotes":""},"class_list":["post-7491","page","type-page","status-publish","hentry"],"acf":[],"yoast_head":"<!-- This site is optimized with the Yoast SEO plugin v27.4 - https:\/\/yoast.com\/product\/yoast-seo-wordpress\/ -->\n<title>Borrowing - Western Counties Regional Library<\/title>\n<meta name=\"robots\" content=\"index, follow, max-snippet:-1, max-image-preview:large, max-video-preview:-1\" \/>\n<link rel=\"canonical\" href=\"https:\/\/westerncounties.ca\/fr\/policy-borrowing-3\/\" \/>\n<meta property=\"og:locale\" content=\"fr_CA\" \/>\n<meta property=\"og:type\" content=\"article\" \/>\n<meta property=\"og:title\" content=\"Borrowing - Western Counties Regional Library\" \/>\n<meta property=\"og:description\" content=\"a. Loan Period Most library materials are signed out for a three-week loan period.&nbsp; Automatic renewals on most physical materials are given provided there is no other patron waiting for that item. Physical materials can be renewed a maximum of three (3) times for a period of three (3) weeks each time. Borrow by Mail [&hellip;]\" \/>\n<meta property=\"og:url\" content=\"https:\/\/westerncounties.ca\/fr\/policy-borrowing-3\/\" \/>\n<meta property=\"og:site_name\" content=\"Western Counties Regional Library\" \/>\n<meta property=\"article:publisher\" content=\"https:\/\/www.facebook.com\/westerncounties\/\" \/>\n<meta property=\"article:modified_time\" content=\"2023-10-18T18:40:53+00:00\" \/>\n<meta name=\"twitter:card\" content=\"summary_large_image\" \/>\n<meta name=\"twitter:site\" content=\"@wcrlibrary\" \/>\n<script type=\"application\/ld+json\" class=\"yoast-schema-graph\">{\"@context\":\"https:\\\/\\\/schema.org\",\"@graph\":[{\"@type\":\"WebPage\",\"@id\":\"https:\\\/\\\/westerncounties.ca\\\/policy-borrowing-3\\\/\",\"url\":\"https:\\\/\\\/westerncounties.ca\\\/policy-borrowing-3\\\/\",\"name\":\"Borrowing - Western Counties Regional Library\",\"isPartOf\":{\"@id\":\"https:\\\/\\\/westerncounties.ca\\\/#website\"},\"datePublished\":\"2023-10-18T18:40:38+00:00\",\"dateModified\":\"2023-10-18T18:40:53+00:00\",\"breadcrumb\":{\"@id\":\"https:\\\/\\\/westerncounties.ca\\\/policy-borrowing-3\\\/#breadcrumb\"},\"inLanguage\":\"fr-CA\",\"potentialAction\":[{\"@type\":\"ReadAction\",\"target\":[\"https:\\\/\\\/westerncounties.ca\\\/policy-borrowing-3\\\/\"]}]},{\"@type\":\"BreadcrumbList\",\"@id\":\"https:\\\/\\\/westerncounties.ca\\\/policy-borrowing-3\\\/#breadcrumb\",\"itemListElement\":[{\"@type\":\"ListItem\",\"position\":1,\"name\":\"Home\",\"item\":\"https:\\\/\\\/westerncounties.ca\\\/\"},{\"@type\":\"ListItem\",\"position\":2,\"name\":\"Borrowing\"}]},{\"@type\":\"WebSite\",\"@id\":\"https:\\\/\\\/westerncounties.ca\\\/#website\",\"url\":\"https:\\\/\\\/westerncounties.ca\\\/\",\"name\":\"Western Counties Regional Library\",\"description\":\"\",\"publisher\":{\"@id\":\"https:\\\/\\\/westerncounties.ca\\\/#organization\"},\"potentialAction\":[{\"@type\":\"SearchAction\",\"target\":{\"@type\":\"EntryPoint\",\"urlTemplate\":\"https:\\\/\\\/westerncounties.ca\\\/?s={search_term_string}\"},\"query-input\":{\"@type\":\"PropertyValueSpecification\",\"valueRequired\":true,\"valueName\":\"search_term_string\"}}],\"inLanguage\":\"fr-CA\"},{\"@type\":\"Organization\",\"@id\":\"https:\\\/\\\/westerncounties.ca\\\/#organization\",\"name\":\"Western Counties Regional Library\",\"url\":\"https:\\\/\\\/westerncounties.ca\\\/\",\"logo\":{\"@type\":\"ImageObject\",\"inLanguage\":\"fr-CA\",\"@id\":\"https:\\\/\\\/westerncounties.ca\\\/#\\\/schema\\\/logo\\\/image\\\/\",\"url\":\"https:\\\/\\\/westerncounties.ca\\\/wp-content\\\/uploads\\\/2022\\\/01\\\/WCRL_2021Logo_Stacked_Colour.jpg\",\"contentUrl\":\"https:\\\/\\\/westerncounties.ca\\\/wp-content\\\/uploads\\\/2022\\\/01\\\/WCRL_2021Logo_Stacked_Colour.jpg\",\"width\":1271,\"height\":1046,\"caption\":\"Western Counties Regional Library\"},\"image\":{\"@id\":\"https:\\\/\\\/westerncounties.ca\\\/#\\\/schema\\\/logo\\\/image\\\/\"},\"sameAs\":[\"https:\\\/\\\/www.facebook.com\\\/westerncounties\\\/\",\"https:\\\/\\\/x.com\\\/wcrlibrary\",\"https:\\\/\\\/www.pinterest.com\\\/WCRL\\\/\",\"https:\\\/\\\/www.youtube.com\\\/irwhite62\"]}]}<\/script>\n<!-- \/ Yoast SEO plugin. -->","yoast_head_json":{"title":"Borrowing - Western Counties Regional Library","robots":{"index":"index","follow":"follow","max-snippet":"max-snippet:-1","max-image-preview":"max-image-preview:large","max-video-preview":"max-video-preview:-1"},"canonical":"https:\/\/westerncounties.ca\/fr\/policy-borrowing-3\/","og_locale":"fr_CA","og_type":"article","og_title":"Borrowing - Western Counties Regional Library","og_description":"a. Loan Period Most library materials are signed out for a three-week loan period.&nbsp; Automatic renewals on most physical materials are given provided there is no other patron waiting for that item. Physical materials can be renewed a maximum of three (3) times for a period of three (3) weeks each time. Borrow by Mail [&hellip;]","og_url":"https:\/\/westerncounties.ca\/fr\/policy-borrowing-3\/","og_site_name":"Western Counties Regional Library","article_publisher":"https:\/\/www.facebook.com\/westerncounties\/","article_modified_time":"2023-10-18T18:40:53+00:00","twitter_card":"summary_large_image","twitter_site":"@wcrlibrary","schema":{"@context":"https:\/\/schema.org","@graph":[{"@type":"WebPage","@id":"https:\/\/westerncounties.ca\/policy-borrowing-3\/","url":"https:\/\/westerncounties.ca\/policy-borrowing-3\/","name":"Borrowing - Western Counties Regional Library","isPartOf":{"@id":"https:\/\/westerncounties.ca\/#website"},"datePublished":"2023-10-18T18:40:38+00:00","dateModified":"2023-10-18T18:40:53+00:00","breadcrumb":{"@id":"https:\/\/westerncounties.ca\/policy-borrowing-3\/#breadcrumb"},"inLanguage":"fr-CA","potentialAction":[{"@type":"ReadAction","target":["https:\/\/westerncounties.ca\/policy-borrowing-3\/"]}]},{"@type":"BreadcrumbList","@id":"https:\/\/westerncounties.ca\/policy-borrowing-3\/#breadcrumb","itemListElement":[{"@type":"ListItem","position":1,"name":"Home","item":"https:\/\/westerncounties.ca\/"},{"@type":"ListItem","position":2,"name":"Borrowing"}]},{"@type":"WebSite","@id":"https:\/\/westerncounties.ca\/#website","url":"https:\/\/westerncounties.ca\/","name":"Western Counties Regional Library","description":"","publisher":{"@id":"https:\/\/westerncounties.ca\/#organization"},"potentialAction":[{"@type":"SearchAction","target":{"@type":"EntryPoint","urlTemplate":"https:\/\/westerncounties.ca\/?s={search_term_string}"},"query-input":{"@type":"PropertyValueSpecification","valueRequired":true,"valueName":"search_term_string"}}],"inLanguage":"fr-CA"},{"@type":"Organization","@id":"https:\/\/westerncounties.ca\/#organization","name":"Western Counties Regional Library","url":"https:\/\/westerncounties.ca\/","logo":{"@type":"ImageObject","inLanguage":"fr-CA","@id":"https:\/\/westerncounties.ca\/#\/schema\/logo\/image\/","url":"https:\/\/westerncounties.ca\/wp-content\/uploads\/2022\/01\/WCRL_2021Logo_Stacked_Colour.jpg","contentUrl":"https:\/\/westerncounties.ca\/wp-content\/uploads\/2022\/01\/WCRL_2021Logo_Stacked_Colour.jpg","width":1271,"height":1046,"caption":"Western Counties Regional Library"},"image":{"@id":"https:\/\/westerncounties.ca\/#\/schema\/logo\/image\/"},"sameAs":["https:\/\/www.facebook.com\/westerncounties\/","https:\/\/x.com\/wcrlibrary","https:\/\/www.pinterest.com\/WCRL\/","https:\/\/www.youtube.com\/irwhite62"]}]}},"publishpress_future_workflow_manual_trigger":{"enabledWorkflows":[]},"_links":{"self":[{"href":"https:\/\/westerncounties.ca\/fr\/wp-json\/wp\/v2\/pages\/7491","targetHints":{"allow":["GET"]}}],"collection":[{"href":"https:\/\/westerncounties.ca\/fr\/wp-json\/wp\/v2\/pages"}],"about":[{"href":"https:\/\/westerncounties.ca\/fr\/wp-json\/wp\/v2\/types\/page"}],"author":[{"embeddable":true,"href":"https:\/\/westerncounties.ca\/fr\/wp-json\/wp\/v2\/users\/3"}],"replies":[{"embeddable":true,"href":"https:\/\/westerncounties.ca\/fr\/wp-json\/wp\/v2\/comments?post=7491"}],"version-history":[{"count":1,"href":"https:\/\/westerncounties.ca\/fr\/wp-json\/wp\/v2\/pages\/7491\/revisions"}],"predecessor-version":[{"id":7492,"href":"https:\/\/westerncounties.ca\/fr\/wp-json\/wp\/v2\/pages\/7491\/revisions\/7492"}],"wp:attachment":[{"href":"https:\/\/westerncounties.ca\/fr\/wp-json\/wp\/v2\/media?parent=7491"}],"curies":[{"name":"wp","href":"https:\/\/api.w.org\/{rel}","templated":true}]}}