{"id":7481,"date":"2023-10-18T14:57:35","date_gmt":"2023-10-18T17:57:35","guid":{"rendered":"https:\/\/westerncounties.ca\/?page_id=7481"},"modified":"2023-10-18T14:57:59","modified_gmt":"2023-10-18T17:57:59","slug":"policy-art-exhibit-policy-and-form","status":"publish","type":"page","link":"https:\/\/westerncounties.ca\/fr\/policy-art-exhibit-policy-and-form\/","title":{"rendered":"Politique et formulaire d\u2019exposition d\u2019art"},"content":{"rendered":"<p>L\u2019exposition d\u2019\u0153uvres d\u2019artistes et d\u2019artisans locaux est bienvenue dans les succursales de la biblioth\u00e8que. Les expositions sont organis\u00e9es par les employ\u00e9s et employ\u00e9es des succursales et approuv\u00e9es par le g\u00e9rant ou la g\u00e9rante de la succursale. Il n\u2019y a aucuns frais associ\u00e9s \u00e0 l\u2019utilisation des espaces de pr\u00e9sentation. Tous les exposants doivent signer le formulaire d\u2019exposition d\u2019art. L\u2019original du formulaire d\u2019exposition d\u2019art sign\u00e9 est envoy\u00e9 et conserv\u00e9 au si\u00e8ge social de la biblioth\u00e8que. Une copie du formulaire sign\u00e9 est remise \u00e0 l\u2019artiste, et une deuxi\u00e8me copie est class\u00e9e \u00e0 la succursale o\u00f9 l\u2019exposition a lieu. La biblioth\u00e8que n\u2019est pas responsable des dommages ou de la perte des \u0153uvres expos\u00e9es.<\/p>\n\n\n\n<p>Western Counties Regional Library se r\u00e9serve le droit de refuser toute exposition d\u2019\u0153uvres d\u2019art.<\/p>\n\n\n\n<p>Les \u0153uvres expos\u00e9es peuvent \u00eatre mises en vente, mais toutes les transactions doivent se faire entre l\u2019artiste et l\u2019acheteur; le personnel de la biblioth\u00e8que ne doit pas s\u2019en occuper.<\/p>\n\n\n\n<p><strong>Formulaire d\u2019exposition d\u2019art<\/strong><\/p>\n\n\n\n<p>Nom : \n__________________________________________________________<\/p>\n\n\n\n<p>Adresse :\n__________________________________________________________<\/p>\n\n\n\n<p>__________________________________________________________<\/p>\n\n\n\n<p>T\u00e9l\u00e9phone :\n__________________________________________________________<\/p>\n\n\n\n<p>Courriel :\n__________________________________________________________<\/p>\n\n\n\n<p>Succursale :\t\n__________________________________________________________<\/p>\n\n\n\n<p>Dates de l\u2019exposition : \n__________________________________________________________<\/p>\n\n\n\n<p>Titre de l\u2019exposition :\n__________________________________________________________<\/p>\n\n\n\n<p>J\u2019ai lu et compris la politique d\u2019exposition d\u2019art de la Western Counties Regional Library.<\/p>\n\n\n\n<p>____________________________&nbsp;&nbsp;&nbsp;&nbsp;&nbsp;&nbsp;&nbsp;&nbsp;&nbsp;&nbsp;&nbsp;&nbsp;&nbsp;&nbsp;&nbsp;&nbsp;&nbsp;&nbsp;&nbsp;&nbsp; ___________________________&nbsp;&nbsp;&nbsp;&nbsp;&nbsp;&nbsp;&nbsp;&nbsp;&nbsp;&nbsp;<\/p>\n\n\n\n<p>Nom (en lettres moul\u00e9es)\u00a0\u00a0\u00a0\u00a0\u00a0\u00a0\u00a0\u00a0\u00a0\u00a0\u00a0\u00a0\u00a0\u00a0\u00a0\u00a0\u00a0\u00a0\u00a0\u00a0\u00a0\u00a0\u00a0\u00a0\u00a0\u00a0\u00a0\u00a0\u00a0\u00a0\u00a0\u00a0\u00a0\u00a0\u00a0\u00a0\u00a0\u00a0\u00a0\u00a0\u00a0\u00a0\u00a0\u00a0\u00a0\u00a0\u00a0\u00a0 \u00a0\u00a0\u00a0\u00a0\u00a0\u00a0\u00a0\u00a0\u00a0\u00a0\u00a0 Signature&nbsp;&nbsp;&nbsp;&nbsp;&nbsp;&nbsp;&nbsp;&nbsp;&nbsp;&nbsp;&nbsp;&nbsp;&nbsp;&nbsp;&nbsp;&nbsp;&nbsp;&nbsp;&nbsp;&nbsp;&nbsp;&nbsp;&nbsp;&nbsp;&nbsp;&nbsp;&nbsp;&nbsp;&nbsp;&nbsp;&nbsp;&nbsp;&nbsp;&nbsp;&nbsp;&nbsp;&nbsp;&nbsp;&nbsp;&nbsp;&nbsp;<\/p>\n\n\n\n<p>____________________________<\/p>\n\n\n\n<p>Date<\/p>\n\n\n\n<p>Veuillez fournir une liste des \u0153uvres expos\u00e9es :&nbsp;<\/p>\n\n\n\n<figure class=\"wp-block-table\"><table><tbody><tr><td>Artiste<\/td><td>M\u00e9dium<\/td><td>Titre<\/td><\/tr><tr><td>&nbsp;<\/td><td>&nbsp;<\/td><td>&nbsp;<\/td><\/tr><tr><td>&nbsp;<\/td><td>&nbsp;<\/td><td>&nbsp;<\/td><\/tr><tr><td>&nbsp;<\/td><td>&nbsp;<\/td><td>&nbsp;<\/td><\/tr><tr><td>&nbsp;<\/td><td>&nbsp;<\/td><td>&nbsp;<\/td><\/tr><tr><td>&nbsp;<\/td><td>&nbsp;<\/td><td>&nbsp;<\/td><\/tr><tr><td>&nbsp;<\/td><td>&nbsp;<\/td><td>&nbsp;<\/td><\/tr><tr><td>&nbsp;<\/td><td>&nbsp;<\/td><td>&nbsp;<\/td><\/tr><tr><td>&nbsp;<\/td><td>&nbsp;<\/td><td>&nbsp;<\/td><\/tr><tr><td>&nbsp;<\/td><td>&nbsp;<\/td><td>&nbsp;<\/td><\/tr><tr><td>&nbsp;<\/td><td>&nbsp;<\/td><td>&nbsp;<\/td><\/tr><\/tbody><\/table><\/figure>\n\n\n\n<figure class=\"wp-block-table\"><table><tbody><tr><td>&nbsp;<\/td><td>&nbsp;<\/td><td>&nbsp;<\/td><\/tr><tr><td>&nbsp;<\/td><td>&nbsp;<\/td><td>&nbsp;<\/td><\/tr><tr><td>&nbsp;<\/td><td>&nbsp;<\/td><td>&nbsp;<\/td><\/tr><tr><td>&nbsp;<\/td><td>&nbsp;<\/td><td>&nbsp;<\/td><\/tr><tr><td>&nbsp;<\/td><td>&nbsp;<\/td><td>&nbsp;<\/td><\/tr><tr><td>&nbsp;<\/td><td>&nbsp;<\/td><td>&nbsp;<\/td><\/tr><tr><td>&nbsp;<\/td><td>&nbsp;<\/td><td>&nbsp;<\/td><\/tr><tr><td>&nbsp;<\/td><td>&nbsp;<\/td><td>&nbsp;<\/td><\/tr><tr><td>&nbsp;<\/td><td>&nbsp;<\/td><td>&nbsp;<\/td><\/tr><tr><td>&nbsp;<\/td><td>&nbsp;<\/td><td>&nbsp;<\/td><\/tr><\/tbody><\/table><\/figure>\n\n\n\n<p>__________________________________________________________________________<\/p>\n\n\n\n<p><strong>Pour usage interne<\/strong><\/p>\n\n\n\n<p>Envoyer la copie originale sign\u00e9e du formulaire d\u2019exposition d\u2019art au gestionnaire de bureau au si\u00e8ge social de la biblioth\u00e8que. Les succursales peuvent conserver une copie sign\u00e9e du formulaire d\u2019exposition d\u2019art pendant la dur\u00e9e de l\u2019exposition. Apr\u00e8s l\u2019exposition, tous les formulaires sign\u00e9s seront \u00e9limin\u00e9s selon des m\u00e9thodes appropri\u00e9es.<\/p>","protected":false},"excerpt":{"rendered":"<p>The library branches welcome the exhibition of works by local artists and craftspeople. Branch staff arrange exhibitions, and branch managers approve them. There is no charge for using display areas. All exhibitors must sign an Art Exhibit Form. The original, signed Art Exhibit Form is sent to and filed at library headquarters. The artist receives [&hellip;]<\/p>\n","protected":false},"author":3,"featured_media":0,"parent":0,"menu_order":0,"comment_status":"closed","ping_status":"closed","template":"","meta":{"_acf_changed":false,"_et_pb_use_builder":"off","_et_pb_old_content":"","_et_gb_content_width":"","inline_featured_image":false,"footnotes":""},"class_list":["post-7481","page","type-page","status-publish","hentry"],"acf":[],"yoast_head":"<!-- This site is optimized with the Yoast SEO plugin v27.3 - https:\/\/yoast.com\/product\/yoast-seo-wordpress\/ -->\n<title>Art Exhibit Policy and Form - Western Counties Regional Library<\/title>\n<meta name=\"robots\" content=\"index, follow, max-snippet:-1, max-image-preview:large, max-video-preview:-1\" \/>\n<link rel=\"canonical\" href=\"https:\/\/westerncounties.ca\/fr\/policy-art-exhibit-policy-and-form\/\" \/>\n<meta property=\"og:locale\" content=\"fr_CA\" \/>\n<meta property=\"og:type\" content=\"article\" \/>\n<meta property=\"og:title\" content=\"Art Exhibit Policy and Form - Western Counties Regional Library\" \/>\n<meta property=\"og:description\" content=\"The library branches welcome the exhibition of works by local artists and craftspeople. Branch staff arrange exhibitions, and branch managers approve them. There is no charge for using display areas. All exhibitors must sign an Art Exhibit Form. The original, signed Art Exhibit Form is sent to and filed at library headquarters. The artist receives [&hellip;]\" \/>\n<meta property=\"og:url\" content=\"https:\/\/westerncounties.ca\/fr\/policy-art-exhibit-policy-and-form\/\" \/>\n<meta property=\"og:site_name\" content=\"Western Counties Regional Library\" \/>\n<meta property=\"article:publisher\" content=\"https:\/\/www.facebook.com\/westerncounties\/\" \/>\n<meta property=\"article:modified_time\" content=\"2023-10-18T17:57:59+00:00\" \/>\n<meta name=\"twitter:card\" content=\"summary_large_image\" \/>\n<meta name=\"twitter:site\" content=\"@wcrlibrary\" \/>\n<script type=\"application\/ld+json\" class=\"yoast-schema-graph\">{\"@context\":\"https:\\\/\\\/schema.org\",\"@graph\":[{\"@type\":\"WebPage\",\"@id\":\"https:\\\/\\\/westerncounties.ca\\\/policy-art-exhibit-policy-and-form\\\/\",\"url\":\"https:\\\/\\\/westerncounties.ca\\\/policy-art-exhibit-policy-and-form\\\/\",\"name\":\"Art Exhibit Policy and Form - Western Counties Regional Library\",\"isPartOf\":{\"@id\":\"https:\\\/\\\/westerncounties.ca\\\/#website\"},\"datePublished\":\"2023-10-18T17:57:35+00:00\",\"dateModified\":\"2023-10-18T17:57:59+00:00\",\"breadcrumb\":{\"@id\":\"https:\\\/\\\/westerncounties.ca\\\/policy-art-exhibit-policy-and-form\\\/#breadcrumb\"},\"inLanguage\":\"fr-CA\",\"potentialAction\":[{\"@type\":\"ReadAction\",\"target\":[\"https:\\\/\\\/westerncounties.ca\\\/policy-art-exhibit-policy-and-form\\\/\"]}]},{\"@type\":\"BreadcrumbList\",\"@id\":\"https:\\\/\\\/westerncounties.ca\\\/policy-art-exhibit-policy-and-form\\\/#breadcrumb\",\"itemListElement\":[{\"@type\":\"ListItem\",\"position\":1,\"name\":\"Home\",\"item\":\"https:\\\/\\\/westerncounties.ca\\\/\"},{\"@type\":\"ListItem\",\"position\":2,\"name\":\"Art Exhibit Policy and Form\"}]},{\"@type\":\"WebSite\",\"@id\":\"https:\\\/\\\/westerncounties.ca\\\/#website\",\"url\":\"https:\\\/\\\/westerncounties.ca\\\/\",\"name\":\"Western Counties Regional Library\",\"description\":\"\",\"publisher\":{\"@id\":\"https:\\\/\\\/westerncounties.ca\\\/#organization\"},\"potentialAction\":[{\"@type\":\"SearchAction\",\"target\":{\"@type\":\"EntryPoint\",\"urlTemplate\":\"https:\\\/\\\/westerncounties.ca\\\/?s={search_term_string}\"},\"query-input\":{\"@type\":\"PropertyValueSpecification\",\"valueRequired\":true,\"valueName\":\"search_term_string\"}}],\"inLanguage\":\"fr-CA\"},{\"@type\":\"Organization\",\"@id\":\"https:\\\/\\\/westerncounties.ca\\\/#organization\",\"name\":\"Western Counties Regional Library\",\"url\":\"https:\\\/\\\/westerncounties.ca\\\/\",\"logo\":{\"@type\":\"ImageObject\",\"inLanguage\":\"fr-CA\",\"@id\":\"https:\\\/\\\/westerncounties.ca\\\/#\\\/schema\\\/logo\\\/image\\\/\",\"url\":\"https:\\\/\\\/westerncounties.ca\\\/wp-content\\\/uploads\\\/2022\\\/01\\\/WCRL_2021Logo_Stacked_Colour.jpg\",\"contentUrl\":\"https:\\\/\\\/westerncounties.ca\\\/wp-content\\\/uploads\\\/2022\\\/01\\\/WCRL_2021Logo_Stacked_Colour.jpg\",\"width\":1271,\"height\":1046,\"caption\":\"Western Counties Regional Library\"},\"image\":{\"@id\":\"https:\\\/\\\/westerncounties.ca\\\/#\\\/schema\\\/logo\\\/image\\\/\"},\"sameAs\":[\"https:\\\/\\\/www.facebook.com\\\/westerncounties\\\/\",\"https:\\\/\\\/x.com\\\/wcrlibrary\",\"https:\\\/\\\/www.pinterest.com\\\/WCRL\\\/\",\"https:\\\/\\\/www.youtube.com\\\/irwhite62\"]}]}<\/script>\n<!-- \/ Yoast SEO plugin. -->","yoast_head_json":{"title":"Art Exhibit Policy and Form - Western Counties Regional Library","robots":{"index":"index","follow":"follow","max-snippet":"max-snippet:-1","max-image-preview":"max-image-preview:large","max-video-preview":"max-video-preview:-1"},"canonical":"https:\/\/westerncounties.ca\/fr\/policy-art-exhibit-policy-and-form\/","og_locale":"fr_CA","og_type":"article","og_title":"Art Exhibit Policy and Form - Western Counties Regional Library","og_description":"The library branches welcome the exhibition of works by local artists and craftspeople. Branch staff arrange exhibitions, and branch managers approve them. There is no charge for using display areas. All exhibitors must sign an Art Exhibit Form. The original, signed Art Exhibit Form is sent to and filed at library headquarters. The artist receives [&hellip;]","og_url":"https:\/\/westerncounties.ca\/fr\/policy-art-exhibit-policy-and-form\/","og_site_name":"Western Counties Regional Library","article_publisher":"https:\/\/www.facebook.com\/westerncounties\/","article_modified_time":"2023-10-18T17:57:59+00:00","twitter_card":"summary_large_image","twitter_site":"@wcrlibrary","schema":{"@context":"https:\/\/schema.org","@graph":[{"@type":"WebPage","@id":"https:\/\/westerncounties.ca\/policy-art-exhibit-policy-and-form\/","url":"https:\/\/westerncounties.ca\/policy-art-exhibit-policy-and-form\/","name":"Art Exhibit Policy and Form - Western Counties Regional Library","isPartOf":{"@id":"https:\/\/westerncounties.ca\/#website"},"datePublished":"2023-10-18T17:57:35+00:00","dateModified":"2023-10-18T17:57:59+00:00","breadcrumb":{"@id":"https:\/\/westerncounties.ca\/policy-art-exhibit-policy-and-form\/#breadcrumb"},"inLanguage":"fr-CA","potentialAction":[{"@type":"ReadAction","target":["https:\/\/westerncounties.ca\/policy-art-exhibit-policy-and-form\/"]}]},{"@type":"BreadcrumbList","@id":"https:\/\/westerncounties.ca\/policy-art-exhibit-policy-and-form\/#breadcrumb","itemListElement":[{"@type":"ListItem","position":1,"name":"Home","item":"https:\/\/westerncounties.ca\/"},{"@type":"ListItem","position":2,"name":"Art Exhibit Policy and Form"}]},{"@type":"WebSite","@id":"https:\/\/westerncounties.ca\/#website","url":"https:\/\/westerncounties.ca\/","name":"Western Counties Regional Library","description":"","publisher":{"@id":"https:\/\/westerncounties.ca\/#organization"},"potentialAction":[{"@type":"SearchAction","target":{"@type":"EntryPoint","urlTemplate":"https:\/\/westerncounties.ca\/?s={search_term_string}"},"query-input":{"@type":"PropertyValueSpecification","valueRequired":true,"valueName":"search_term_string"}}],"inLanguage":"fr-CA"},{"@type":"Organization","@id":"https:\/\/westerncounties.ca\/#organization","name":"Western Counties Regional Library","url":"https:\/\/westerncounties.ca\/","logo":{"@type":"ImageObject","inLanguage":"fr-CA","@id":"https:\/\/westerncounties.ca\/#\/schema\/logo\/image\/","url":"https:\/\/westerncounties.ca\/wp-content\/uploads\/2022\/01\/WCRL_2021Logo_Stacked_Colour.jpg","contentUrl":"https:\/\/westerncounties.ca\/wp-content\/uploads\/2022\/01\/WCRL_2021Logo_Stacked_Colour.jpg","width":1271,"height":1046,"caption":"Western Counties Regional Library"},"image":{"@id":"https:\/\/westerncounties.ca\/#\/schema\/logo\/image\/"},"sameAs":["https:\/\/www.facebook.com\/westerncounties\/","https:\/\/x.com\/wcrlibrary","https:\/\/www.pinterest.com\/WCRL\/","https:\/\/www.youtube.com\/irwhite62"]}]}},"publishpress_future_workflow_manual_trigger":{"enabledWorkflows":[]},"_links":{"self":[{"href":"https:\/\/westerncounties.ca\/fr\/wp-json\/wp\/v2\/pages\/7481","targetHints":{"allow":["GET"]}}],"collection":[{"href":"https:\/\/westerncounties.ca\/fr\/wp-json\/wp\/v2\/pages"}],"about":[{"href":"https:\/\/westerncounties.ca\/fr\/wp-json\/wp\/v2\/types\/page"}],"author":[{"embeddable":true,"href":"https:\/\/westerncounties.ca\/fr\/wp-json\/wp\/v2\/users\/3"}],"replies":[{"embeddable":true,"href":"https:\/\/westerncounties.ca\/fr\/wp-json\/wp\/v2\/comments?post=7481"}],"version-history":[{"count":1,"href":"https:\/\/westerncounties.ca\/fr\/wp-json\/wp\/v2\/pages\/7481\/revisions"}],"predecessor-version":[{"id":7482,"href":"https:\/\/westerncounties.ca\/fr\/wp-json\/wp\/v2\/pages\/7481\/revisions\/7482"}],"wp:attachment":[{"href":"https:\/\/westerncounties.ca\/fr\/wp-json\/wp\/v2\/media?parent=7481"}],"curies":[{"name":"wp","href":"https:\/\/api.w.org\/{rel}","templated":true}]}}